{"id":104,"date":"2024-04-22T20:04:49","date_gmt":"2024-04-22T23:04:49","guid":{"rendered":"https:\/\/obituarioarquitetura.com.br\/?page_id=104"},"modified":"2024-07-16T19:11:47","modified_gmt":"2024-07-16T22:11:47","slug":"escadinha","status":"publish","type":"page","link":"https:\/\/obituarioarquitetura.com.br\/?page_id=104","title":{"rendered":"escadinha"},"content":{"rendered":"\n<p class=\"has-accent-5-color has-text-color has-link-color has-small-font-size wp-elements-5728172d7391fc9db436dc25190275d7\">***<em>Texto Alternativo das Imagens Dispon\u00edvel<\/em> <\/p>\n\n\n\n<figure class=\"wp-block-image size-large\"><img loading=\"lazy\" decoding=\"async\" width=\"1024\" height=\"602\" src=\"https:\/\/obituarioarquitetura.com.br\/wp-content\/uploads\/2024\/04\/IMG_5245-1024x602.jpg\" alt=\"\" class=\"wp-image-134\" srcset=\"https:\/\/obituarioarquitetura.com.br\/wp-content\/uploads\/2024\/04\/IMG_5245-1024x602.jpg 1024w, https:\/\/obituarioarquitetura.com.br\/wp-content\/uploads\/2024\/04\/IMG_5245-300x176.jpg 300w, https:\/\/obituarioarquitetura.com.br\/wp-content\/uploads\/2024\/04\/IMG_5245-768x451.jpg 768w, https:\/\/obituarioarquitetura.com.br\/wp-content\/uploads\/2024\/04\/IMG_5245-1536x903.jpg 1536w, https:\/\/obituarioarquitetura.com.br\/wp-content\/uploads\/2024\/04\/IMG_5245-2048x1204.jpg 2048w\" sizes=\"(max-width: 1024px) 100vw, 1024px\" \/><\/figure>\n\n\n\n<figure class=\"wp-block-image size-large\"><img loading=\"lazy\" decoding=\"async\" width=\"1024\" height=\"683\" src=\"https:\/\/obituarioarquitetura.com.br\/wp-content\/uploads\/2024\/04\/IMG_5256-1024x683.jpg\" alt=\"\" class=\"wp-image-135\" srcset=\"https:\/\/obituarioarquitetura.com.br\/wp-content\/uploads\/2024\/04\/IMG_5256-1024x683.jpg 1024w, https:\/\/obituarioarquitetura.com.br\/wp-content\/uploads\/2024\/04\/IMG_5256-300x200.jpg 300w, https:\/\/obituarioarquitetura.com.br\/wp-content\/uploads\/2024\/04\/IMG_5256-768x512.jpg 768w, https:\/\/obituarioarquitetura.com.br\/wp-content\/uploads\/2024\/04\/IMG_5256-1536x1024.jpg 1536w, https:\/\/obituarioarquitetura.com.br\/wp-content\/uploads\/2024\/04\/IMG_5256-2048x1365.jpg 2048w\" sizes=\"(max-width: 1024px) 100vw, 1024px\" \/><\/figure>\n\n\n\n<figure class=\"wp-block-image size-large\"><img loading=\"lazy\" decoding=\"async\" width=\"683\" height=\"1024\" src=\"https:\/\/obituarioarquitetura.com.br\/wp-content\/uploads\/2024\/04\/IMG_5252-683x1024.jpg\" alt=\"\" class=\"wp-image-136\" srcset=\"https:\/\/obituarioarquitetura.com.br\/wp-content\/uploads\/2024\/04\/IMG_5252-683x1024.jpg 683w, https:\/\/obituarioarquitetura.com.br\/wp-content\/uploads\/2024\/04\/IMG_5252-200x300.jpg 200w, https:\/\/obituarioarquitetura.com.br\/wp-content\/uploads\/2024\/04\/IMG_5252-768x1152.jpg 768w, https:\/\/obituarioarquitetura.com.br\/wp-content\/uploads\/2024\/04\/IMG_5252-1024x1536.jpg 1024w, https:\/\/obituarioarquitetura.com.br\/wp-content\/uploads\/2024\/04\/IMG_5252-1365x2048.jpg 1365w, https:\/\/obituarioarquitetura.com.br\/wp-content\/uploads\/2024\/04\/IMG_5252-scaled.jpg 1707w\" sizes=\"(max-width: 683px) 100vw, 683px\" \/><\/figure>\n\n\n\n<p>Uma casa que t\u00e1 l\u00e1 ali, exposta, de murinho baixo para uma rua. Passam \u00f4nibus, passam bicicletas nesta rua. Passam pessoas caminhando r\u00e1pido, passam motoqueiras com entregas perigosamente apressadas. A casa ainda est\u00e1 ali, face a face com uma rua que parece viver outra velocidade. Tudo que a distancia \u00e9 um port\u00e3ozinho azul e uma escadinha lateral. Umas venezianas e umas flores com espinhos. Luz acesa, jardim aparado. Mora algu\u00e9m ali. Mas, talvez pela brutalidade da velocidade do hoje, quem mora n\u00e3o se sente mais \u00e0 vontade de se sentar no alpendre. Quem passa atento, consegue ainda pescar a beleza da casinha de uma \u00e1gua s\u00f3 e v\u00e1rias cer\u00e2micas geom\u00e9tricas na fachada. Aqui fica nosso registro da sua presen\u00e7a e resist\u00eancia em ainda ocupar, vastamente, a cidade.<\/p>\n\n\n\n<p class=\"has-text-align-center\">*<\/p>\n","protected":false},"excerpt":{"rendered":"<p>***Texto Alternativo das Imagens Dispon\u00edvel Uma casa que t\u00e1 l\u00e1 ali, exposta, de murinho baixo para uma rua. Passam \u00f4nibus, passam bicicletas nesta rua. Passam pessoas caminhando r\u00e1pido, passam motoqueiras com entregas perigosamente apressadas. A casa ainda est\u00e1 ali, face a face com uma rua que parece viver outra velocidade. Tudo que a distancia \u00e9 [&hellip;]<\/p>\n","protected":false},"author":1,"featured_media":0,"parent":0,"menu_order":0,"comment_status":"closed","ping_status":"closed","template":"","meta":{"footnotes":""},"_links":{"self":[{"href":"https:\/\/obituarioarquitetura.com.br\/index.php?rest_route=\/wp\/v2\/pages\/104"}],"collection":[{"href":"https:\/\/obituarioarquitetura.com.br\/index.php?rest_route=\/wp\/v2\/pages"}],"about":[{"href":"https:\/\/obituarioarquitetura.com.br\/index.php?rest_route=\/wp\/v2\/types\/page"}],"author":[{"embeddable":true,"href":"https:\/\/obituarioarquitetura.com.br\/index.php?rest_route=\/wp\/v2\/users\/1"}],"replies":[{"embeddable":true,"href":"https:\/\/obituarioarquitetura.com.br\/index.php?rest_route=%2Fwp%2Fv2%2Fcomments&post=104"}],"version-history":[{"count":4,"href":"https:\/\/obituarioarquitetura.com.br\/index.php?rest_route=\/wp\/v2\/pages\/104\/revisions"}],"predecessor-version":[{"id":264,"href":"https:\/\/obituarioarquitetura.com.br\/index.php?rest_route=\/wp\/v2\/pages\/104\/revisions\/264"}],"wp:attachment":[{"href":"https:\/\/obituarioarquitetura.com.br\/index.php?rest_route=%2Fwp%2Fv2%2Fmedia&parent=104"}],"curies":[{"name":"wp","href":"https:\/\/api.w.org\/{rel}","templated":true}]}}