{"id":143,"date":"2024-04-22T20:43:39","date_gmt":"2024-04-22T23:43:39","guid":{"rendered":"https:\/\/obituarioarquitetura.com.br\/?page_id=143"},"modified":"2024-07-16T19:10:56","modified_gmt":"2024-07-16T22:10:56","slug":"a-espreita-da-rua","status":"publish","type":"page","link":"https:\/\/obituarioarquitetura.com.br\/?page_id=143","title":{"rendered":"\u00e0 espreita da rua"},"content":{"rendered":"\n<p class=\"has-accent-5-color has-text-color has-link-color has-small-font-size wp-elements-5728172d7391fc9db436dc25190275d7\">***<em>Texto Alternativo das Imagens Dispon\u00edvel<\/em> <\/p>\n\n\n\n<figure class=\"wp-block-image size-large\"><img loading=\"lazy\" decoding=\"async\" width=\"1024\" height=\"683\" src=\"https:\/\/obituarioarquitetura.com.br\/wp-content\/uploads\/2024\/04\/IMG_3430-1024x683.jpg\" alt=\"A imagem mostra um pr\u00e9dio de esquina de dois andares em uma \u00e1rea urbana sob um c\u00e9u azul. O pr\u00e9dio est\u00e1 desgastado e precisa de reparos, com pintura desbotada e manchas de mofo. As janelas t\u00eam grades de prote\u00e7\u00e3o, algumas danificadas. Na cal\u00e7ada, pessoas caminham e conversam, e um carro est\u00e1 estacionado na rua. Cabos el\u00e9tricos s\u00e3o vis\u00edveis ao longo da imagem, destacando a infraestrutura el\u00e9trica. A rua tem faixas de pedestres, e h\u00e1 \u00e1rvores na cal\u00e7ada, adicionando um pouco de verde ao cen\u00e1rio urbano.\" class=\"wp-image-144\" srcset=\"https:\/\/obituarioarquitetura.com.br\/wp-content\/uploads\/2024\/04\/IMG_3430-1024x683.jpg 1024w, https:\/\/obituarioarquitetura.com.br\/wp-content\/uploads\/2024\/04\/IMG_3430-300x200.jpg 300w, https:\/\/obituarioarquitetura.com.br\/wp-content\/uploads\/2024\/04\/IMG_3430-768x512.jpg 768w, https:\/\/obituarioarquitetura.com.br\/wp-content\/uploads\/2024\/04\/IMG_3430-1536x1024.jpg 1536w, https:\/\/obituarioarquitetura.com.br\/wp-content\/uploads\/2024\/04\/IMG_3430-2048x1365.jpg 2048w\" sizes=\"(max-width: 1024px) 100vw, 1024px\" \/><\/figure>\n\n\n\n<figure class=\"wp-block-image size-large\"><img loading=\"lazy\" decoding=\"async\" width=\"1024\" height=\"683\" src=\"https:\/\/obituarioarquitetura.com.br\/wp-content\/uploads\/2024\/04\/IMG_3433-1024x683.jpg\" alt=\"A imagem mostra um pr\u00e9dio de dois andares em mau estado de conserva\u00e7\u00e3o, com pintura desbotada, manchas, e \u00e1reas danificadas. As janelas do andar superior t\u00eam grades de prote\u00e7\u00e3o e um ar-condicionado. As portas de metal no t\u00e9rreo est\u00e3o fechadas e cobertas de cartazes. H\u00e1 um carro branco estacionado na rua, que possui faixas de pedestres. Cabos el\u00e9tricos atravessam a imagem, e h\u00e1 \u00e1rvores na cal\u00e7ada. O c\u00e9u \u00e9 azul claro.\" class=\"wp-image-145\" srcset=\"https:\/\/obituarioarquitetura.com.br\/wp-content\/uploads\/2024\/04\/IMG_3433-1024x683.jpg 1024w, https:\/\/obituarioarquitetura.com.br\/wp-content\/uploads\/2024\/04\/IMG_3433-300x200.jpg 300w, https:\/\/obituarioarquitetura.com.br\/wp-content\/uploads\/2024\/04\/IMG_3433-768x512.jpg 768w, https:\/\/obituarioarquitetura.com.br\/wp-content\/uploads\/2024\/04\/IMG_3433-1536x1024.jpg 1536w, https:\/\/obituarioarquitetura.com.br\/wp-content\/uploads\/2024\/04\/IMG_3433-2048x1365.jpg 2048w\" sizes=\"(max-width: 1024px) 100vw, 1024px\" \/><\/figure>\n\n\n\n<figure class=\"wp-block-image size-large\"><img loading=\"lazy\" decoding=\"async\" width=\"683\" height=\"1024\" src=\"https:\/\/obituarioarquitetura.com.br\/wp-content\/uploads\/2024\/04\/IMG_3436-683x1024.jpg\" alt=\"\nA imagem mostra uma parte de um pr\u00e9dio com a fachada danificada, revelando tijolos sob a pintura descascada. Abaixo, h\u00e1 uma janela com grades de prote\u00e7\u00e3o. A parede apresenta mofo e manchas, e h\u00e1 cabos el\u00e9tricos passando na frente da fachada. O c\u00e9u \u00e9 azul claro.\" class=\"wp-image-146\" srcset=\"https:\/\/obituarioarquitetura.com.br\/wp-content\/uploads\/2024\/04\/IMG_3436-683x1024.jpg 683w, https:\/\/obituarioarquitetura.com.br\/wp-content\/uploads\/2024\/04\/IMG_3436-200x300.jpg 200w, https:\/\/obituarioarquitetura.com.br\/wp-content\/uploads\/2024\/04\/IMG_3436-768x1152.jpg 768w, https:\/\/obituarioarquitetura.com.br\/wp-content\/uploads\/2024\/04\/IMG_3436-1024x1536.jpg 1024w, https:\/\/obituarioarquitetura.com.br\/wp-content\/uploads\/2024\/04\/IMG_3436-1365x2048.jpg 1365w, https:\/\/obituarioarquitetura.com.br\/wp-content\/uploads\/2024\/04\/IMG_3436-scaled.jpg 1707w\" sizes=\"(max-width: 683px) 100vw, 683px\" \/><\/figure>\n\n\n\n<figure class=\"wp-block-image size-large\"><img loading=\"lazy\" decoding=\"async\" width=\"1024\" height=\"683\" src=\"https:\/\/obituarioarquitetura.com.br\/wp-content\/uploads\/2024\/04\/IMG_3438-1024x683.jpg\" alt=\"\" class=\"wp-image-147\" srcset=\"https:\/\/obituarioarquitetura.com.br\/wp-content\/uploads\/2024\/04\/IMG_3438-1024x683.jpg 1024w, https:\/\/obituarioarquitetura.com.br\/wp-content\/uploads\/2024\/04\/IMG_3438-300x200.jpg 300w, https:\/\/obituarioarquitetura.com.br\/wp-content\/uploads\/2024\/04\/IMG_3438-768x512.jpg 768w, https:\/\/obituarioarquitetura.com.br\/wp-content\/uploads\/2024\/04\/IMG_3438-1536x1024.jpg 1536w, https:\/\/obituarioarquitetura.com.br\/wp-content\/uploads\/2024\/04\/IMG_3438-2048x1365.jpg 2048w\" sizes=\"(max-width: 1024px) 100vw, 1024px\" \/><\/figure>\n\n\n\n<figure class=\"wp-block-image size-large\"><img loading=\"lazy\" decoding=\"async\" width=\"683\" height=\"1024\" src=\"https:\/\/obituarioarquitetura.com.br\/wp-content\/uploads\/2024\/04\/IMG_3451-683x1024.jpg\" alt=\"\" class=\"wp-image-148\" srcset=\"https:\/\/obituarioarquitetura.com.br\/wp-content\/uploads\/2024\/04\/IMG_3451-683x1024.jpg 683w, https:\/\/obituarioarquitetura.com.br\/wp-content\/uploads\/2024\/04\/IMG_3451-200x300.jpg 200w, https:\/\/obituarioarquitetura.com.br\/wp-content\/uploads\/2024\/04\/IMG_3451-768x1152.jpg 768w, https:\/\/obituarioarquitetura.com.br\/wp-content\/uploads\/2024\/04\/IMG_3451-1024x1536.jpg 1024w, https:\/\/obituarioarquitetura.com.br\/wp-content\/uploads\/2024\/04\/IMG_3451-1365x2048.jpg 1365w, https:\/\/obituarioarquitetura.com.br\/wp-content\/uploads\/2024\/04\/IMG_3451-scaled.jpg 1707w\" sizes=\"(max-width: 683px) 100vw, 683px\" \/><\/figure>\n\n\n\n<figure class=\"wp-block-image size-large\"><img loading=\"lazy\" decoding=\"async\" width=\"683\" height=\"1024\" src=\"https:\/\/obituarioarquitetura.com.br\/wp-content\/uploads\/2024\/04\/IMG_3459-683x1024.jpg\" alt=\"\" class=\"wp-image-149\" srcset=\"https:\/\/obituarioarquitetura.com.br\/wp-content\/uploads\/2024\/04\/IMG_3459-683x1024.jpg 683w, https:\/\/obituarioarquitetura.com.br\/wp-content\/uploads\/2024\/04\/IMG_3459-200x300.jpg 200w, https:\/\/obituarioarquitetura.com.br\/wp-content\/uploads\/2024\/04\/IMG_3459-768x1152.jpg 768w, https:\/\/obituarioarquitetura.com.br\/wp-content\/uploads\/2024\/04\/IMG_3459-1024x1536.jpg 1024w, https:\/\/obituarioarquitetura.com.br\/wp-content\/uploads\/2024\/04\/IMG_3459-1365x2048.jpg 1365w, https:\/\/obituarioarquitetura.com.br\/wp-content\/uploads\/2024\/04\/IMG_3459-scaled.jpg 1707w\" sizes=\"(max-width: 683px) 100vw, 683px\" \/><\/figure>\n\n\n\n<figure class=\"wp-block-image size-large\"><img loading=\"lazy\" decoding=\"async\" width=\"656\" height=\"1024\" src=\"https:\/\/obituarioarquitetura.com.br\/wp-content\/uploads\/2024\/04\/IMG_3468-656x1024.jpg\" alt=\"\" class=\"wp-image-150\" srcset=\"https:\/\/obituarioarquitetura.com.br\/wp-content\/uploads\/2024\/04\/IMG_3468-656x1024.jpg 656w, https:\/\/obituarioarquitetura.com.br\/wp-content\/uploads\/2024\/04\/IMG_3468-192x300.jpg 192w, https:\/\/obituarioarquitetura.com.br\/wp-content\/uploads\/2024\/04\/IMG_3468-768x1199.jpg 768w, https:\/\/obituarioarquitetura.com.br\/wp-content\/uploads\/2024\/04\/IMG_3468-984x1536.jpg 984w, https:\/\/obituarioarquitetura.com.br\/wp-content\/uploads\/2024\/04\/IMG_3468-1311x2048.jpg 1311w, https:\/\/obituarioarquitetura.com.br\/wp-content\/uploads\/2024\/04\/IMG_3468-scaled.jpg 1639w\" sizes=\"(max-width: 656px) 100vw, 656px\" \/><\/figure>\n\n\n\n<figure class=\"wp-block-image size-large\"><img loading=\"lazy\" decoding=\"async\" width=\"683\" height=\"1024\" src=\"https:\/\/obituarioarquitetura.com.br\/wp-content\/uploads\/2024\/04\/IMG_3443-683x1024.jpg\" alt=\"\" class=\"wp-image-151\" srcset=\"https:\/\/obituarioarquitetura.com.br\/wp-content\/uploads\/2024\/04\/IMG_3443-683x1024.jpg 683w, https:\/\/obituarioarquitetura.com.br\/wp-content\/uploads\/2024\/04\/IMG_3443-200x300.jpg 200w, https:\/\/obituarioarquitetura.com.br\/wp-content\/uploads\/2024\/04\/IMG_3443-768x1152.jpg 768w, https:\/\/obituarioarquitetura.com.br\/wp-content\/uploads\/2024\/04\/IMG_3443-1024x1536.jpg 1024w, https:\/\/obituarioarquitetura.com.br\/wp-content\/uploads\/2024\/04\/IMG_3443-1365x2048.jpg 1365w, https:\/\/obituarioarquitetura.com.br\/wp-content\/uploads\/2024\/04\/IMG_3443-scaled.jpg 1707w\" sizes=\"(max-width: 683px) 100vw, 683px\" \/><\/figure>\n\n\n\n<p>S\u00e1bado, fim de tarde, rua quase que completamente deserta. S\u00f3 uma banca de bicho aberta, um pagode tocando abafado, meio distante. &#8211; Deve ser no Mercado da Boa Vista &#8211; comentou. A rua em que est\u00e1 o edif\u00edcio parece cristalizada em um outro Recife, onde tudo passa mais devagar, como num domingo.  O pr\u00e9dio \u00e9 o sonho de todo estudante de arquitetura e urbanismo hoje, um edif\u00edcio misto, embaixo s\u00f3 portas de ferro comerciais fechadas. No primeiro andar, janelinhas divididas em m\u00f3dulos protegidos da uma chuva e sol n\u00e3o-tropicais. Marquise e platibanda, desenhadas com uma geometria ainda precisa, mesmo com a manuten\u00e7\u00e3o predial em d\u00e9bito j\u00e1 que aparecem tijolos em parte da fachada sem reboco. Quem quer se proteger, projeta uma grade que parece uma gaiola sob as janelas. Janelas duplas de venezianas que se abrem em par, mas n\u00e3o nesta tarde de s\u00e1bado. O sil\u00eancio quase completo da rua, continua ressoando pelas poucas aberturas do edif\u00edcio. Cercado de sobrados abandonados com muros altos, j\u00e1 aparecem os pr\u00e9dios de mais de trinta pavimentos na esquina, \u00e0 espreita. Olhando para al\u00e9m do edif\u00edcio, o Recife aparece em um futuro \u00fanico, de edif\u00edcios prism\u00e1ticos de cer\u00e2micas 10cmx10cm. Com guaritas com c\u00e2maras <em>bypass,<\/em> para salvar os desej\u00e1veis da perigosa rua e estacionamentos de tr\u00eas ou quatro pavimentos que aumentam ainda mais o abismo entre a cal\u00e7ada e as novas habita\u00e7\u00f5es. Aqui fica nosso registro da sua presen\u00e7a e resist\u00eancia em ainda ocupar, amplamente, a cidade.<\/p>\n\n\n\n<p><\/p>\n","protected":false},"excerpt":{"rendered":"<p>***Texto Alternativo das Imagens Dispon\u00edvel S\u00e1bado, fim de tarde, rua quase que completamente deserta. S\u00f3 uma banca de bicho aberta, um pagode tocando abafado, meio distante. &#8211; Deve ser no Mercado da Boa Vista &#8211; comentou. A rua em que est\u00e1 o edif\u00edcio parece cristalizada em um outro Recife, onde tudo passa mais devagar, como [&hellip;]<\/p>\n","protected":false},"author":1,"featured_media":0,"parent":0,"menu_order":0,"comment_status":"closed","ping_status":"closed","template":"","meta":{"footnotes":""},"_links":{"self":[{"href":"https:\/\/obituarioarquitetura.com.br\/index.php?rest_route=\/wp\/v2\/pages\/143"}],"collection":[{"href":"https:\/\/obituarioarquitetura.com.br\/index.php?rest_route=\/wp\/v2\/pages"}],"about":[{"href":"https:\/\/obituarioarquitetura.com.br\/index.php?rest_route=\/wp\/v2\/types\/page"}],"author":[{"embeddable":true,"href":"https:\/\/obituarioarquitetura.com.br\/index.php?rest_route=\/wp\/v2\/users\/1"}],"replies":[{"embeddable":true,"href":"https:\/\/obituarioarquitetura.com.br\/index.php?rest_route=%2Fwp%2Fv2%2Fcomments&post=143"}],"version-history":[{"count":7,"href":"https:\/\/obituarioarquitetura.com.br\/index.php?rest_route=\/wp\/v2\/pages\/143\/revisions"}],"predecessor-version":[{"id":263,"href":"https:\/\/obituarioarquitetura.com.br\/index.php?rest_route=\/wp\/v2\/pages\/143\/revisions\/263"}],"wp:attachment":[{"href":"https:\/\/obituarioarquitetura.com.br\/index.php?rest_route=%2Fwp%2Fv2%2Fmedia&parent=143"}],"curies":[{"name":"wp","href":"https:\/\/api.w.org\/{rel}","templated":true}]}}