{"id":168,"date":"2024-05-08T13:11:23","date_gmt":"2024-05-08T16:11:23","guid":{"rendered":"https:\/\/obituarioarquitetura.com.br\/?page_id=168"},"modified":"2024-05-08T13:11:23","modified_gmt":"2024-05-08T16:11:23","slug":"cor-arte","status":"publish","type":"page","link":"https:\/\/obituarioarquitetura.com.br\/?page_id=168","title":{"rendered":"cor &#038; arte"},"content":{"rendered":"\n<figure class=\"wp-block-image size-large\"><img loading=\"lazy\" decoding=\"async\" width=\"1024\" height=\"770\" src=\"https:\/\/obituarioarquitetura.com.br\/wp-content\/uploads\/2024\/05\/3-1024x770.png\" alt=\"\" class=\"wp-image-171\" srcset=\"https:\/\/obituarioarquitetura.com.br\/wp-content\/uploads\/2024\/05\/3-1024x770.png 1024w, https:\/\/obituarioarquitetura.com.br\/wp-content\/uploads\/2024\/05\/3-300x225.png 300w, https:\/\/obituarioarquitetura.com.br\/wp-content\/uploads\/2024\/05\/3-768x577.png 768w, https:\/\/obituarioarquitetura.com.br\/wp-content\/uploads\/2024\/05\/3-1536x1155.png 1536w, https:\/\/obituarioarquitetura.com.br\/wp-content\/uploads\/2024\/05\/3-2048x1539.png 2048w\" sizes=\"(max-width: 1024px) 100vw, 1024px\" \/><\/figure>\n\n\n\n<figure class=\"wp-block-image size-large\"><img loading=\"lazy\" decoding=\"async\" width=\"1024\" height=\"593\" src=\"https:\/\/obituarioarquitetura.com.br\/wp-content\/uploads\/2024\/05\/2-1024x593.png\" alt=\"\" class=\"wp-image-170\" srcset=\"https:\/\/obituarioarquitetura.com.br\/wp-content\/uploads\/2024\/05\/2-1024x593.png 1024w, https:\/\/obituarioarquitetura.com.br\/wp-content\/uploads\/2024\/05\/2-300x174.png 300w, https:\/\/obituarioarquitetura.com.br\/wp-content\/uploads\/2024\/05\/2-768x445.png 768w, https:\/\/obituarioarquitetura.com.br\/wp-content\/uploads\/2024\/05\/2-1536x889.png 1536w, https:\/\/obituarioarquitetura.com.br\/wp-content\/uploads\/2024\/05\/2-2048x1186.png 2048w\" sizes=\"(max-width: 1024px) 100vw, 1024px\" \/><\/figure>\n\n\n\n<p>Na casa de ladrilhos coloridos, o tempo parece estar parado. No jardim, a est\u00e1tua grega est\u00e1tica assiste \u00e0 passagem do tempo, enquanto o gato, vivo, mas que parece uma est\u00e1tua, est\u00e1 estatelado na escada, espregui\u00e7ado no ch\u00e3o, e tamb\u00e9m n\u00e3o se move. Neste cen\u00e1rio, o tempo est\u00e1 suspenso e observando o que se sucede parece que invadimos uma intimidade sagrada onde tudo est\u00e1 perfeitamente estabilizado, harm\u00f4nico. Diferentemente do jardim, a fachada parece ter camadas de interven\u00e7\u00e3o, novos revestimentos que foram sendo colocados, nas mudan\u00e7as dos donos ou da necessidade de novas resist\u00eancias ao sol e \u00e0s chuvas. Ainda assim, o painel de esquadrias de madeira, repleto de janelas de vidro, sobreviveu e as cortinas que atr\u00e1s delas est\u00e3o, escondem o que deveria ser uma sala enorme, com uma escada de acesso ao jardim. Imagino as festas que este jardim j\u00e1 guardou. Os anivers\u00e1rios. Os jantares. As pessoas. Tudo que n\u00e3o parece ser mais usado, toda uma permeabilidade social interdita por uma cortina.<\/p>\n\n\n\n<figure class=\"wp-block-image size-large\"><img loading=\"lazy\" decoding=\"async\" width=\"1024\" height=\"691\" src=\"https:\/\/obituarioarquitetura.com.br\/wp-content\/uploads\/2024\/05\/4-1024x691.png\" alt=\"\" class=\"wp-image-172\" srcset=\"https:\/\/obituarioarquitetura.com.br\/wp-content\/uploads\/2024\/05\/4-1024x691.png 1024w, https:\/\/obituarioarquitetura.com.br\/wp-content\/uploads\/2024\/05\/4-300x202.png 300w, https:\/\/obituarioarquitetura.com.br\/wp-content\/uploads\/2024\/05\/4-768x518.png 768w, https:\/\/obituarioarquitetura.com.br\/wp-content\/uploads\/2024\/05\/4-1536x1036.png 1536w, https:\/\/obituarioarquitetura.com.br\/wp-content\/uploads\/2024\/05\/4-2048x1382.png 2048w\" sizes=\"(max-width: 1024px) 100vw, 1024px\" \/><\/figure>\n\n\n\n<figure class=\"wp-block-image size-large\"><img loading=\"lazy\" decoding=\"async\" width=\"560\" height=\"1024\" src=\"https:\/\/obituarioarquitetura.com.br\/wp-content\/uploads\/2024\/05\/5-4-560x1024.png\" alt=\"\" class=\"wp-image-173\" srcset=\"https:\/\/obituarioarquitetura.com.br\/wp-content\/uploads\/2024\/05\/5-4-560x1024.png 560w, https:\/\/obituarioarquitetura.com.br\/wp-content\/uploads\/2024\/05\/5-4-164x300.png 164w, https:\/\/obituarioarquitetura.com.br\/wp-content\/uploads\/2024\/05\/5-4-768x1403.png 768w, https:\/\/obituarioarquitetura.com.br\/wp-content\/uploads\/2024\/05\/5-4-841x1536.png 841w, https:\/\/obituarioarquitetura.com.br\/wp-content\/uploads\/2024\/05\/5-4.png 1046w\" sizes=\"(max-width: 560px) 100vw, 560px\" \/><\/figure>\n","protected":false},"excerpt":{"rendered":"<p>Na casa de ladrilhos coloridos, o tempo parece estar parado. No jardim, a est\u00e1tua grega est\u00e1tica assiste \u00e0 passagem do tempo, enquanto o gato, vivo, mas que parece uma est\u00e1tua, est\u00e1 estatelado na escada, espregui\u00e7ado no ch\u00e3o, e tamb\u00e9m n\u00e3o se move. Neste cen\u00e1rio, o tempo est\u00e1 suspenso e observando o que se sucede parece [&hellip;]<\/p>\n","protected":false},"author":1,"featured_media":0,"parent":0,"menu_order":0,"comment_status":"closed","ping_status":"closed","template":"","meta":{"footnotes":""},"_links":{"self":[{"href":"https:\/\/obituarioarquitetura.com.br\/index.php?rest_route=\/wp\/v2\/pages\/168"}],"collection":[{"href":"https:\/\/obituarioarquitetura.com.br\/index.php?rest_route=\/wp\/v2\/pages"}],"about":[{"href":"https:\/\/obituarioarquitetura.com.br\/index.php?rest_route=\/wp\/v2\/types\/page"}],"author":[{"embeddable":true,"href":"https:\/\/obituarioarquitetura.com.br\/index.php?rest_route=\/wp\/v2\/users\/1"}],"replies":[{"embeddable":true,"href":"https:\/\/obituarioarquitetura.com.br\/index.php?rest_route=%2Fwp%2Fv2%2Fcomments&post=168"}],"version-history":[{"count":2,"href":"https:\/\/obituarioarquitetura.com.br\/index.php?rest_route=\/wp\/v2\/pages\/168\/revisions"}],"predecessor-version":[{"id":184,"href":"https:\/\/obituarioarquitetura.com.br\/index.php?rest_route=\/wp\/v2\/pages\/168\/revisions\/184"}],"wp:attachment":[{"href":"https:\/\/obituarioarquitetura.com.br\/index.php?rest_route=%2Fwp%2Fv2%2Fmedia&parent=168"}],"curies":[{"name":"wp","href":"https:\/\/api.w.org\/{rel}","templated":true}]}}