{"id":30,"date":"2024-03-06T21:15:10","date_gmt":"2024-03-07T00:15:10","guid":{"rendered":"https:\/\/obituarioarquitetura.com.br\/?page_id=30"},"modified":"2024-08-03T01:27:47","modified_gmt":"2024-08-03T04:27:47","slug":"album-obi-tu-a-rio","status":"publish","type":"page","link":"https:\/\/obituarioarquitetura.com.br\/?page_id=30","title":{"rendered":"\u00e1lbum"},"content":{"rendered":"\n<div class=\"wp-block-group alignwide has-global-padding is-layout-constrained wp-block-group-is-layout-constrained\">\n<h2 class=\"wp-block-heading alignwide has-large-font-size\" style=\"line-height:1.2\"><strong><em>[sobre-vidas]<\/em><\/strong> aqui, encontramos um registro de tipologias que v\u00e3o sendo proibidas de existir nos espa\u00e7os do Recife e arredores. elas ainda resistem em p\u00e9, mas recebem flertes di\u00e1rios de um sumi\u00e7o espont\u00e2neo. sinta-se livre para clicar e abrir a janela para conhecer uma arquitetura.<\/h2>\n<\/div>\n\n\n\n<div class=\"wp-block-group alignfull has-global-padding is-layout-constrained wp-block-group-is-layout-constrained\" style=\"margin-top:0;margin-bottom:0;padding-top:var(--wp--preset--spacing--50);padding-right:var(--wp--preset--spacing--50);padding-bottom:var(--wp--preset--spacing--50);padding-left:var(--wp--preset--spacing--50)\">\n<div class=\"wp-block-columns alignwide is-layout-flex wp-container-core-columns-layout-1 wp-block-columns-is-layout-flex\" style=\"margin-top:0;margin-bottom:0\">\n<div class=\"wp-block-column is-layout-flow wp-container-core-column-layout-1 wp-block-column-is-layout-flow\">\n<figure class=\"wp-block-image size-large is-style-rounded\"><a href=\"https:\/\/obituarioarquitetura.com.br\/?page_id=104\"><img loading=\"lazy\" decoding=\"async\" width=\"1024\" height=\"509\" src=\"https:\/\/obituarioarquitetura.com.br\/wp-content\/uploads\/2024\/04\/picthumb-1024x509.jpg\" alt=\"A imagem mostra um padr\u00e3o de azulejos azuis e brancos com desenhos circulares que ocupam quatro azulejos cada, apresentando motivos florais estilizados e pequenos diamantes azuis, t\u00edpico da azulejaria tradicional.\" class=\"wp-image-106\" style=\"aspect-ratio:1.3333333333333333;object-fit:cover\" srcset=\"https:\/\/obituarioarquitetura.com.br\/wp-content\/uploads\/2024\/04\/picthumb-1024x509.jpg 1024w, https:\/\/obituarioarquitetura.com.br\/wp-content\/uploads\/2024\/04\/picthumb-300x149.jpg 300w, https:\/\/obituarioarquitetura.com.br\/wp-content\/uploads\/2024\/04\/picthumb-768x382.jpg 768w, https:\/\/obituarioarquitetura.com.br\/wp-content\/uploads\/2024\/04\/picthumb.jpg 1098w\" sizes=\"(max-width: 1024px) 100vw, 1024px\" \/><\/a><figcaption class=\"wp-element-caption\"><code><br><\/code><\/figcaption><\/figure>\n\n\n\n<div style=\"height:var(--wp--preset--spacing--50)\" aria-hidden=\"true\" class=\"wp-block-spacer\"><\/div>\n\n\n\n<figure class=\"wp-block-image size-large is-style-rounded\"><a href=\"https:\/\/obituarioarquitetura.com.br\/?page_id=192\"><img loading=\"lazy\" decoding=\"async\" width=\"1024\" height=\"589\" src=\"https:\/\/obituarioarquitetura.com.br\/wp-content\/uploads\/2024\/05\/7-2-1024x589.png\" alt=\"A imagem mostra um padr\u00e3o de azulejos amarelos, cada um decorado com um motivo floral central marrom e verde, dentro de um quadrado. Os azulejos s\u00e3o dispostos de forma regular e sim\u00e9trica.\" class=\"wp-image-226\" style=\"aspect-ratio:3\/4;object-fit:cover\" srcset=\"https:\/\/obituarioarquitetura.com.br\/wp-content\/uploads\/2024\/05\/7-2-1024x589.png 1024w, https:\/\/obituarioarquitetura.com.br\/wp-content\/uploads\/2024\/05\/7-2-300x173.png 300w, https:\/\/obituarioarquitetura.com.br\/wp-content\/uploads\/2024\/05\/7-2-768x442.png 768w, https:\/\/obituarioarquitetura.com.br\/wp-content\/uploads\/2024\/05\/7-2-1536x884.png 1536w, https:\/\/obituarioarquitetura.com.br\/wp-content\/uploads\/2024\/05\/7-2-2048x1178.png 2048w\" sizes=\"(max-width: 1024px) 100vw, 1024px\" \/><\/a><\/figure>\n\n\n\n<div style=\"height:var(--wp--preset--spacing--50)\" aria-hidden=\"true\" class=\"wp-block-spacer\"><\/div>\n\n\n\n<figure class=\"wp-block-image size-large is-style-rounded\"><a href=\"https:\/\/obituarioarquitetura.com.br\/?page_id=273\"><img loading=\"lazy\" decoding=\"async\" width=\"1008\" height=\"1024\" src=\"https:\/\/obituarioarquitetura.com.br\/wp-content\/uploads\/2024\/07\/thumb-1008x1024.png\" alt=\"A imagem mostra uma parede revestida com azulejos rosa de textura ondulada. Na parte inferior da imagem, h\u00e1 folhas verdes de uma planta, adicionando contraste \u00e0 superf\u00edcie rosa dos azulejos.\" class=\"wp-image-282\" style=\"aspect-ratio:3\/4;object-fit:cover\" srcset=\"https:\/\/obituarioarquitetura.com.br\/wp-content\/uploads\/2024\/07\/thumb-1008x1024.png 1008w, https:\/\/obituarioarquitetura.com.br\/wp-content\/uploads\/2024\/07\/thumb-295x300.png 295w, https:\/\/obituarioarquitetura.com.br\/wp-content\/uploads\/2024\/07\/thumb-768x780.png 768w, https:\/\/obituarioarquitetura.com.br\/wp-content\/uploads\/2024\/07\/thumb-1513x1536.png 1513w, https:\/\/obituarioarquitetura.com.br\/wp-content\/uploads\/2024\/07\/thumb.png 1808w\" sizes=\"(max-width: 1008px) 100vw, 1008px\" \/><\/a><\/figure>\n<\/div>\n\n\n\n<div class=\"wp-block-column is-layout-flow wp-container-core-column-layout-2 wp-block-column-is-layout-flow\">\n<figure class=\"wp-block-image size-large is-style-rounded\"><a href=\"https:\/\/obituarioarquitetura.com.br\/?page_id=386\"><img loading=\"lazy\" decoding=\"async\" width=\"1024\" height=\"683\" src=\"https:\/\/obituarioarquitetura.com.br\/wp-content\/uploads\/2024\/07\/8-4-1024x683.png\" alt=\"A imagem mostra um padr\u00e3o de azulejos azuis e brancos com desenhos intrincados. Cada azulejo possui um c\u00edrculo central com motivos florais e arabescos, formando um padr\u00e3o repetitivo e sim\u00e9trico. Os azulejos apresentam leves varia\u00e7\u00f5es de cor e alguns sinais de desgaste.\" class=\"wp-image-387\" style=\"aspect-ratio:3\/4;object-fit:cover\" srcset=\"https:\/\/obituarioarquitetura.com.br\/wp-content\/uploads\/2024\/07\/8-4-1024x683.png 1024w, https:\/\/obituarioarquitetura.com.br\/wp-content\/uploads\/2024\/07\/8-4-300x200.png 300w, https:\/\/obituarioarquitetura.com.br\/wp-content\/uploads\/2024\/07\/8-4-768x512.png 768w, https:\/\/obituarioarquitetura.com.br\/wp-content\/uploads\/2024\/07\/8-4-1536x1024.png 1536w, https:\/\/obituarioarquitetura.com.br\/wp-content\/uploads\/2024\/07\/8-4-2048x1365.png 2048w\" sizes=\"(max-width: 1024px) 100vw, 1024px\" \/><\/a><\/figure>\n\n\n\n<div style=\"height:0px\" aria-hidden=\"true\" class=\"wp-block-spacer\"><\/div>\n\n\n\n<div style=\"height:71px\" aria-hidden=\"true\" class=\"wp-block-spacer\"><\/div>\n\n\n\n<figure class=\"wp-block-image size-large is-style-rounded\"><a href=\"https:\/\/obituarioarquitetura.com.br\/?page_id=210\"><img loading=\"lazy\" decoding=\"async\" width=\"1024\" height=\"683\" src=\"https:\/\/obituarioarquitetura.com.br\/wp-content\/uploads\/2024\/05\/2-4-1024x683.png\" alt=\"A imagem mostra um padr\u00e3o de azulejos azuis com desenhos circulares complexos no centro de cada um. Os c\u00edrculos centrais lembram mandalas ou flores estilizadas, com detalhes intricados em v\u00e1rias tonalidades de azul. Cada azulejo \u00e9 enquadrado por arabescos nos cantos.\" class=\"wp-image-223\" style=\"aspect-ratio:1;object-fit:cover\" srcset=\"https:\/\/obituarioarquitetura.com.br\/wp-content\/uploads\/2024\/05\/2-4-1024x683.png 1024w, https:\/\/obituarioarquitetura.com.br\/wp-content\/uploads\/2024\/05\/2-4-300x200.png 300w, https:\/\/obituarioarquitetura.com.br\/wp-content\/uploads\/2024\/05\/2-4-768x512.png 768w, https:\/\/obituarioarquitetura.com.br\/wp-content\/uploads\/2024\/05\/2-4-1536x1024.png 1536w, https:\/\/obituarioarquitetura.com.br\/wp-content\/uploads\/2024\/05\/2-4-2048x1365.png 2048w\" sizes=\"(max-width: 1024px) 100vw, 1024px\" \/><\/a><\/figure>\n\n\n\n<div style=\"height:var(--wp--preset--spacing--50)\" aria-hidden=\"true\" class=\"wp-block-spacer\"><\/div>\n\n\n\n<figure class=\"wp-block-image size-large is-style-rounded\"><a href=\"https:\/\/obituarioarquitetura.com.br\/?page_id=416\"><img loading=\"lazy\" decoding=\"async\" width=\"1024\" height=\"689\" src=\"https:\/\/obituarioarquitetura.com.br\/wp-content\/uploads\/2024\/07\/3-8-1024x689.png\" alt=\"\" class=\"wp-image-415\" style=\"aspect-ratio:1;object-fit:cover\" srcset=\"https:\/\/obituarioarquitetura.com.br\/wp-content\/uploads\/2024\/07\/3-8-1024x689.png 1024w, https:\/\/obituarioarquitetura.com.br\/wp-content\/uploads\/2024\/07\/3-8-300x202.png 300w, https:\/\/obituarioarquitetura.com.br\/wp-content\/uploads\/2024\/07\/3-8-768x517.png 768w, https:\/\/obituarioarquitetura.com.br\/wp-content\/uploads\/2024\/07\/3-8-1536x1034.png 1536w, https:\/\/obituarioarquitetura.com.br\/wp-content\/uploads\/2024\/07\/3-8-2048x1378.png 2048w\" sizes=\"(max-width: 1024px) 100vw, 1024px\" \/><\/a><\/figure>\n<\/div>\n\n\n\n<div class=\"wp-block-column is-layout-flow wp-container-core-column-layout-3 wp-block-column-is-layout-flow\">\n<figure class=\"wp-block-image size-large is-style-rounded\"><a href=\"https:\/\/obituarioarquitetura.com.br\/?page_id=168\"><img loading=\"lazy\" decoding=\"async\" width=\"1911\" height=\"1046\" src=\"https:\/\/obituarioarquitetura.com.br\/wp-content\/uploads\/2024\/05\/5-3-edited.png\" alt=\"A imagem mostra um padr\u00e3o de azulejos coloridos organizados de forma geom\u00e9trica. As cores predominantes s\u00e3o azul claro, rosa, preto, verde e branco, dispostas em blocos retangulares e quadrados que formam um design abstrato e moderno.\" class=\"wp-image-167\" style=\"aspect-ratio:3\/4;object-fit:cover\" srcset=\"https:\/\/obituarioarquitetura.com.br\/wp-content\/uploads\/2024\/05\/5-3-edited.png 1911w, https:\/\/obituarioarquitetura.com.br\/wp-content\/uploads\/2024\/05\/5-3-edited-300x164.png 300w, https:\/\/obituarioarquitetura.com.br\/wp-content\/uploads\/2024\/05\/5-3-edited-1024x560.png 1024w, https:\/\/obituarioarquitetura.com.br\/wp-content\/uploads\/2024\/05\/5-3-edited-768x420.png 768w, https:\/\/obituarioarquitetura.com.br\/wp-content\/uploads\/2024\/05\/5-3-edited-1536x841.png 1536w\" sizes=\"(max-width: 1911px) 100vw, 1911px\" \/><\/a><\/figure>\n\n\n\n<div style=\"height:var(--wp--preset--spacing--50)\" aria-hidden=\"true\" class=\"wp-block-spacer\"><\/div>\n\n\n\n<figure class=\"wp-block-image size-large is-resized is-style-rounded\"><a href=\"https:\/\/obituarioarquitetura.com.br\/?page_id=402\"><img loading=\"lazy\" decoding=\"async\" width=\"1024\" height=\"807\" src=\"https:\/\/obituarioarquitetura.com.br\/wp-content\/uploads\/2024\/07\/thumb-6-1024x807.png\" alt=\"A imagem mostra uma janela com venezianas verdes, protegida por grades de metal tamb\u00e9m pintadas de verde. A parte superior da janela tem duas pequenas aberturas com vidro, enquanto a parte principal \u00e9 composta por ripas horizontais.\" class=\"wp-image-401\" style=\"aspect-ratio:0.75;object-fit:cover;width:209px;height:auto\" srcset=\"https:\/\/obituarioarquitetura.com.br\/wp-content\/uploads\/2024\/07\/thumb-6-1024x807.png 1024w, https:\/\/obituarioarquitetura.com.br\/wp-content\/uploads\/2024\/07\/thumb-6-300x236.png 300w, https:\/\/obituarioarquitetura.com.br\/wp-content\/uploads\/2024\/07\/thumb-6-768x605.png 768w, https:\/\/obituarioarquitetura.com.br\/wp-content\/uploads\/2024\/07\/thumb-6-1536x1210.png 1536w, https:\/\/obituarioarquitetura.com.br\/wp-content\/uploads\/2024\/07\/thumb-6.png 1921w\" sizes=\"(max-width: 1024px) 100vw, 1024px\" \/><\/a><\/figure>\n\n\n\n<div style=\"height:var(--wp--preset--spacing--30)\" aria-hidden=\"true\" class=\"wp-block-spacer\"><\/div>\n\n\n\n<figure class=\"wp-block-image size-large is-resized is-style-rounded\"><a href=\"https:\/\/obituarioarquitetura.com.br\/?page_id=303\"><img loading=\"lazy\" decoding=\"async\" width=\"1024\" height=\"881\" src=\"https:\/\/obituarioarquitetura.com.br\/wp-content\/uploads\/2024\/07\/thumb-1024x881.jpg\" alt=\"A imagem mostra um port\u00e3o de metal com um design decorativo enferrujado, com padr\u00f5es de espirais. Ao fundo, h\u00e1 um caminho de pedra cercado por vegeta\u00e7\u00e3o verde, sugerindo um jardim ou quintal bem cuidado.\" class=\"wp-image-301\" style=\"aspect-ratio:1.7777777777777777;object-fit:cover;width:209px;height:auto\" srcset=\"https:\/\/obituarioarquitetura.com.br\/wp-content\/uploads\/2024\/07\/thumb-1024x881.jpg 1024w, https:\/\/obituarioarquitetura.com.br\/wp-content\/uploads\/2024\/07\/thumb-300x258.jpg 300w, https:\/\/obituarioarquitetura.com.br\/wp-content\/uploads\/2024\/07\/thumb-768x661.jpg 768w, https:\/\/obituarioarquitetura.com.br\/wp-content\/uploads\/2024\/07\/thumb-1536x1321.jpg 1536w, https:\/\/obituarioarquitetura.com.br\/wp-content\/uploads\/2024\/07\/thumb-2048x1762.jpg 2048w\" sizes=\"(max-width: 1024px) 100vw, 1024px\" \/><\/a><\/figure>\n\n\n\n<div style=\"height:var(--wp--preset--spacing--40)\" aria-hidden=\"true\" class=\"wp-block-spacer\"><\/div>\n\n\n\n<figure class=\"wp-block-image size-large is-style-rounded\"><a href=\"https:\/\/obituarioarquitetura.com.br\/?page_id=446\"><img loading=\"lazy\" decoding=\"async\" width=\"1024\" height=\"683\" src=\"https:\/\/obituarioarquitetura.com.br\/wp-content\/uploads\/2024\/07\/7-7-1024x683.png\" alt=\"A imagem mostra a fachada de um edif\u00edcio branco com detalhes arquitet\u00f4nicos simples. H\u00e1 um terra\u00e7o com grade de metal decorativa que parece enferrujada. Na parede, h\u00e1 um ornamento de metal enferrujado em formato de cruz decorativa.\" class=\"wp-image-445\" style=\"aspect-ratio:16\/9;object-fit:cover\" srcset=\"https:\/\/obituarioarquitetura.com.br\/wp-content\/uploads\/2024\/07\/7-7-1024x683.png 1024w, https:\/\/obituarioarquitetura.com.br\/wp-content\/uploads\/2024\/07\/7-7-300x200.png 300w, https:\/\/obituarioarquitetura.com.br\/wp-content\/uploads\/2024\/07\/7-7-768x512.png 768w, https:\/\/obituarioarquitetura.com.br\/wp-content\/uploads\/2024\/07\/7-7-1536x1024.png 1536w, https:\/\/obituarioarquitetura.com.br\/wp-content\/uploads\/2024\/07\/7-7-2048x1365.png 2048w\" sizes=\"(max-width: 1024px) 100vw, 1024px\" \/><\/a><\/figure>\n<\/div>\n\n\n\n<div class=\"wp-block-column is-layout-flow wp-container-core-column-layout-4 wp-block-column-is-layout-flow\">\n<div style=\"height:var(--wp--preset--spacing--50)\" aria-hidden=\"true\" class=\"wp-block-spacer\"><\/div>\n\n\n\n<figure class=\"wp-block-image size-full is-style-rounded\"><a href=\"https:\/\/obituarioarquitetura.com.br\/?page_id=177\"><img loading=\"lazy\" decoding=\"async\" width=\"700\" height=\"420\" src=\"https:\/\/obituarioarquitetura.com.br\/wp-content\/uploads\/2024\/05\/6.jpg\" alt=\"A imagem mostra uma parede de tijolos vermelhos com um padr\u00e3o regular e uniforme. Os tijolos s\u00e3o dispostos em linhas horizontais, com um leve desgaste e varia\u00e7\u00e3o de cor devido \u00e0 exposi\u00e7\u00e3o ao tempo\" class=\"wp-image-176\" style=\"aspect-ratio:1;object-fit:cover\" srcset=\"https:\/\/obituarioarquitetura.com.br\/wp-content\/uploads\/2024\/05\/6.jpg 700w, https:\/\/obituarioarquitetura.com.br\/wp-content\/uploads\/2024\/05\/6-300x180.jpg 300w\" sizes=\"(max-width: 700px) 100vw, 700px\" \/><\/a><\/figure>\n\n\n\n<div style=\"height:var(--wp--preset--spacing--50)\" aria-hidden=\"true\" class=\"wp-block-spacer\"><\/div>\n\n\n\n<figure class=\"wp-block-image size-large is-style-rounded\"><a href=\"https:\/\/obituarioarquitetura.com.br\/?page_id=436\"><img loading=\"lazy\" decoding=\"async\" width=\"1024\" height=\"995\" src=\"https:\/\/obituarioarquitetura.com.br\/wp-content\/uploads\/2024\/07\/thumb-7-1024x995.png\" alt=\"A imagem mostra um cachorro preto com uma mancha branca no rosto e no peito, olhando atrav\u00e9s de um port\u00e3o de metal branco com padr\u00f5es decorativos.\" class=\"wp-image-435\" style=\"aspect-ratio:16\/9;object-fit:cover\" srcset=\"https:\/\/obituarioarquitetura.com.br\/wp-content\/uploads\/2024\/07\/thumb-7-1024x995.png 1024w, https:\/\/obituarioarquitetura.com.br\/wp-content\/uploads\/2024\/07\/thumb-7-300x291.png 300w, https:\/\/obituarioarquitetura.com.br\/wp-content\/uploads\/2024\/07\/thumb-7-768x746.png 768w, https:\/\/obituarioarquitetura.com.br\/wp-content\/uploads\/2024\/07\/thumb-7-1536x1492.png 1536w, https:\/\/obituarioarquitetura.com.br\/wp-content\/uploads\/2024\/07\/thumb-7-2048x1989.png 2048w\" sizes=\"(max-width: 1024px) 100vw, 1024px\" \/><\/a><\/figure>\n\n\n\n<div style=\"height:var(--wp--preset--spacing--50)\" aria-hidden=\"true\" class=\"wp-block-spacer\"><\/div>\n\n\n\n<figure class=\"wp-block-image size-large is-style-rounded\"><a href=\"https:\/\/obituarioarquitetura.com.br\/?page_id=317\"><img loading=\"lazy\" decoding=\"async\" width=\"1024\" height=\"594\" src=\"https:\/\/obituarioarquitetura.com.br\/wp-content\/uploads\/2024\/07\/thumb-2-1024x594.png\" alt=\"A imagem mostra uma parede de elementos vazados de concreto com um padr\u00e3o repetitivo de c\u00edrculos e losangos. Esse tipo de elemento arquitet\u00f4nico \u00e9 utilizado para permitir a ventila\u00e7\u00e3o e a passagem de luz, enquanto ainda mant\u00e9m a privacidade e a seguran\u00e7a.\" class=\"wp-image-334\" style=\"aspect-ratio:9\/16;object-fit:cover\" srcset=\"https:\/\/obituarioarquitetura.com.br\/wp-content\/uploads\/2024\/07\/thumb-2-1024x594.png 1024w, https:\/\/obituarioarquitetura.com.br\/wp-content\/uploads\/2024\/07\/thumb-2-300x174.png 300w, https:\/\/obituarioarquitetura.com.br\/wp-content\/uploads\/2024\/07\/thumb-2-768x445.png 768w, https:\/\/obituarioarquitetura.com.br\/wp-content\/uploads\/2024\/07\/thumb-2.png 1357w\" sizes=\"(max-width: 1024px) 100vw, 1024px\" \/><\/a><\/figure>\n<\/div>\n<\/div>\n<\/div>\n","protected":false},"excerpt":{"rendered":"<p>[sobre-vidas] aqui, encontramos um registro de tipologias que v\u00e3o sendo proibidas de existir nos espa\u00e7os do Recife e arredores. elas ainda resistem em p\u00e9, mas recebem flertes di\u00e1rios de um sumi\u00e7o espont\u00e2neo. sinta-se livre para clicar e abrir a janela para conhecer uma arquitetura.<\/p>\n","protected":false},"author":1,"featured_media":0,"parent":0,"menu_order":0,"comment_status":"closed","ping_status":"closed","template":"","meta":{"footnotes":""},"_links":{"self":[{"href":"https:\/\/obituarioarquitetura.com.br\/index.php?rest_route=\/wp\/v2\/pages\/30"}],"collection":[{"href":"https:\/\/obituarioarquitetura.com.br\/index.php?rest_route=\/wp\/v2\/pages"}],"about":[{"href":"https:\/\/obituarioarquitetura.com.br\/index.php?rest_route=\/wp\/v2\/types\/page"}],"author":[{"embeddable":true,"href":"https:\/\/obituarioarquitetura.com.br\/index.php?rest_route=\/wp\/v2\/users\/1"}],"replies":[{"embeddable":true,"href":"https:\/\/obituarioarquitetura.com.br\/index.php?rest_route=%2Fwp%2Fv2%2Fcomments&post=30"}],"version-history":[{"count":54,"href":"https:\/\/obituarioarquitetura.com.br\/index.php?rest_route=\/wp\/v2\/pages\/30\/revisions"}],"predecessor-version":[{"id":503,"href":"https:\/\/obituarioarquitetura.com.br\/index.php?rest_route=\/wp\/v2\/pages\/30\/revisions\/503"}],"wp:attachment":[{"href":"https:\/\/obituarioarquitetura.com.br\/index.php?rest_route=%2Fwp%2Fv2%2Fmedia&parent=30"}],"curies":[{"name":"wp","href":"https:\/\/api.w.org\/{rel}","templated":true}]}}