{"id":350,"date":"2024-07-29T22:37:13","date_gmt":"2024-07-30T01:37:13","guid":{"rendered":"https:\/\/obituarioarquitetura.com.br\/?page_id=350"},"modified":"2024-08-03T01:53:44","modified_gmt":"2024-08-03T04:53:44","slug":"album-recife","status":"publish","type":"page","link":"https:\/\/obituarioarquitetura.com.br\/?page_id=350","title":{"rendered":"\u00e1lbum"},"content":{"rendered":"\n<div class=\"wp-block-group alignwide has-global-padding is-layout-constrained wp-block-group-is-layout-constrained\">\n<h1 class=\"wp-block-heading alignwide has-large-font-size\" style=\"line-height:1.2\"><strong><em>[abandonos] <\/em><\/strong>aqui, encontramos um registro de tipologias est\u00e3o em situa\u00e7\u00e3o de abandono e em risco de desaparecimento. este desaparecimento leva com ele n\u00e3o s\u00f3 a fisicalidade destas constru\u00e7\u00f5es, mas parte das hist\u00f3rias das pr\u00f3prias pessoas que viveram ali. levam tamb\u00e9m parte da diversidade e da mem\u00f3ria coletiva quando desaparecem. foram reportados tipos diferentes de abandono, seja por um abandono material e o decaimento da edifica\u00e7\u00e3o, seja por uma excessiva securitiza\u00e7\u00e3o, uma exclus\u00e3o da rua. sinta-se livre para clicar e abrir a janela para conhecer uma arquitetura.<\/h1>\n<\/div>\n\n\n\n<div class=\"wp-block-group alignfull has-global-padding is-layout-constrained wp-block-group-is-layout-constrained\" style=\"margin-top:0;margin-bottom:0;padding-top:var(--wp--preset--spacing--50);padding-right:var(--wp--preset--spacing--50);padding-bottom:var(--wp--preset--spacing--50);padding-left:var(--wp--preset--spacing--50)\">\n<div class=\"wp-block-columns alignwide is-layout-flex wp-container-core-columns-layout-1 wp-block-columns-is-layout-flex\" style=\"margin-top:0;margin-bottom:0\">\n<div class=\"wp-block-column is-layout-flow wp-container-core-column-layout-1 wp-block-column-is-layout-flow\">\n<figure class=\"wp-block-image size-large is-style-rounded\"><a href=\"https:\/\/obituarioarquitetura.com.br\/?page_id=289\"><img loading=\"lazy\" decoding=\"async\" width=\"930\" height=\"1024\" src=\"https:\/\/obituarioarquitetura.com.br\/wp-content\/uploads\/2024\/07\/thumb-5-930x1024.png\" alt=\"\" class=\"wp-image-380\" style=\"aspect-ratio:4\/3;object-fit:cover\" srcset=\"https:\/\/obituarioarquitetura.com.br\/wp-content\/uploads\/2024\/07\/thumb-5-930x1024.png 930w, https:\/\/obituarioarquitetura.com.br\/wp-content\/uploads\/2024\/07\/thumb-5-273x300.png 273w, https:\/\/obituarioarquitetura.com.br\/wp-content\/uploads\/2024\/07\/thumb-5-768x845.png 768w, https:\/\/obituarioarquitetura.com.br\/wp-content\/uploads\/2024\/07\/thumb-5-1395x1536.png 1395w, https:\/\/obituarioarquitetura.com.br\/wp-content\/uploads\/2024\/07\/thumb-5-1860x2048.png 1860w\" sizes=\"(max-width: 930px) 100vw, 930px\" \/><\/a><\/figure>\n\n\n\n<div style=\"height:var(--wp--preset--spacing--50)\" aria-hidden=\"true\" class=\"wp-block-spacer\"><\/div>\n\n\n\n<figure class=\"wp-block-image size-large is-style-rounded\"><a href=\"https:\/\/obituarioarquitetura.com.br\/?page_id=143\"><img loading=\"lazy\" decoding=\"async\" width=\"415\" height=\"1024\" src=\"https:\/\/obituarioarquitetura.com.br\/wp-content\/uploads\/2024\/07\/IMG_3464-415x1024.jpg\" alt=\"\" class=\"wp-image-378\" style=\"aspect-ratio:3\/4;object-fit:cover\" srcset=\"https:\/\/obituarioarquitetura.com.br\/wp-content\/uploads\/2024\/07\/IMG_3464-415x1024.jpg 415w, https:\/\/obituarioarquitetura.com.br\/wp-content\/uploads\/2024\/07\/IMG_3464-122x300.jpg 122w, https:\/\/obituarioarquitetura.com.br\/wp-content\/uploads\/2024\/07\/IMG_3464-768x1894.jpg 768w, https:\/\/obituarioarquitetura.com.br\/wp-content\/uploads\/2024\/07\/IMG_3464-623x1536.jpg 623w, https:\/\/obituarioarquitetura.com.br\/wp-content\/uploads\/2024\/07\/IMG_3464-830x2048.jpg 830w, https:\/\/obituarioarquitetura.com.br\/wp-content\/uploads\/2024\/07\/IMG_3464-scaled.jpg 1038w\" sizes=\"(max-width: 415px) 100vw, 415px\" \/><\/a><\/figure>\n\n\n\n<div style=\"height:var(--wp--preset--spacing--50)\" aria-hidden=\"true\" class=\"wp-block-spacer\"><\/div>\n\n\n\n<figure class=\"wp-block-image size-large is-style-rounded\"><a href=\"https:\/\/obituarioarquitetura.com.br\/?page_id=489\"><img loading=\"lazy\" decoding=\"async\" width=\"1024\" height=\"898\" src=\"https:\/\/obituarioarquitetura.com.br\/wp-content\/uploads\/2024\/08\/thumb-1-1024x898.png\" alt=\"\" class=\"wp-image-499\" style=\"aspect-ratio:3\/4;object-fit:cover\" srcset=\"https:\/\/obituarioarquitetura.com.br\/wp-content\/uploads\/2024\/08\/thumb-1-1024x898.png 1024w, https:\/\/obituarioarquitetura.com.br\/wp-content\/uploads\/2024\/08\/thumb-1-300x263.png 300w, https:\/\/obituarioarquitetura.com.br\/wp-content\/uploads\/2024\/08\/thumb-1-768x673.png 768w, https:\/\/obituarioarquitetura.com.br\/wp-content\/uploads\/2024\/08\/thumb-1-1536x1347.png 1536w, https:\/\/obituarioarquitetura.com.br\/wp-content\/uploads\/2024\/08\/thumb-1-2048x1796.png 2048w\" sizes=\"(max-width: 1024px) 100vw, 1024px\" \/><\/a><\/figure>\n<\/div>\n\n\n\n<div class=\"wp-block-column is-layout-flow wp-container-core-column-layout-2 wp-block-column-is-layout-flow\">\n<div style=\"height:var(--wp--preset--spacing--50)\" aria-hidden=\"true\" class=\"wp-block-spacer\"><\/div>\n\n\n\n<figure class=\"wp-block-image size-large is-style-rounded\"><a href=\"https:\/\/obituarioarquitetura.com.br\/?page_id=360\"><img loading=\"lazy\" decoding=\"async\" width=\"759\" height=\"1024\" src=\"https:\/\/obituarioarquitetura.com.br\/wp-content\/uploads\/2024\/07\/thumb-4-759x1024.png\" alt=\"\" class=\"wp-image-370\" style=\"aspect-ratio:3\/4;object-fit:cover\" srcset=\"https:\/\/obituarioarquitetura.com.br\/wp-content\/uploads\/2024\/07\/thumb-4-759x1024.png 759w, https:\/\/obituarioarquitetura.com.br\/wp-content\/uploads\/2024\/07\/thumb-4-222x300.png 222w, https:\/\/obituarioarquitetura.com.br\/wp-content\/uploads\/2024\/07\/thumb-4-768x1037.png 768w, https:\/\/obituarioarquitetura.com.br\/wp-content\/uploads\/2024\/07\/thumb-4-1138x1536.png 1138w, https:\/\/obituarioarquitetura.com.br\/wp-content\/uploads\/2024\/07\/thumb-4-1517x2048.png 1517w\" sizes=\"(max-width: 759px) 100vw, 759px\" \/><\/a><\/figure>\n\n\n\n<div style=\"height:var(--wp--preset--spacing--50)\" aria-hidden=\"true\" class=\"wp-block-spacer\"><\/div>\n\n\n\n<figure class=\"wp-block-image size-large is-style-rounded\"><a href=\"https:\/\/obituarioarquitetura.com.br\/?page_id=337\"><img loading=\"lazy\" decoding=\"async\" width=\"1024\" height=\"683\" src=\"https:\/\/obituarioarquitetura.com.br\/wp-content\/uploads\/2024\/07\/5-6-1024x683.png\" alt=\"\" class=\"wp-image-384\" style=\"aspect-ratio:1;object-fit:cover\" srcset=\"https:\/\/obituarioarquitetura.com.br\/wp-content\/uploads\/2024\/07\/5-6-1024x683.png 1024w, https:\/\/obituarioarquitetura.com.br\/wp-content\/uploads\/2024\/07\/5-6-300x200.png 300w, https:\/\/obituarioarquitetura.com.br\/wp-content\/uploads\/2024\/07\/5-6-768x512.png 768w, https:\/\/obituarioarquitetura.com.br\/wp-content\/uploads\/2024\/07\/5-6-1536x1024.png 1536w, https:\/\/obituarioarquitetura.com.br\/wp-content\/uploads\/2024\/07\/5-6-2048x1365.png 2048w\" sizes=\"(max-width: 1024px) 100vw, 1024px\" \/><\/a><\/figure>\n\n\n\n<div style=\"height:var(--wp--preset--spacing--50)\" aria-hidden=\"true\" class=\"wp-block-spacer\"><\/div>\n\n\n\n<figure class=\"wp-block-image size-large is-style-rounded\"><a href=\"https:\/\/obituarioarquitetura.com.br\/?page_id=520\"><img loading=\"lazy\" decoding=\"async\" width=\"951\" height=\"1024\" src=\"https:\/\/obituarioarquitetura.com.br\/wp-content\/uploads\/2024\/08\/thumb-2-951x1024.png\" alt=\"\" class=\"wp-image-519\" style=\"aspect-ratio:1;object-fit:cover\" srcset=\"https:\/\/obituarioarquitetura.com.br\/wp-content\/uploads\/2024\/08\/thumb-2-951x1024.png 951w, https:\/\/obituarioarquitetura.com.br\/wp-content\/uploads\/2024\/08\/thumb-2-278x300.png 278w, https:\/\/obituarioarquitetura.com.br\/wp-content\/uploads\/2024\/08\/thumb-2-768x827.png 768w, https:\/\/obituarioarquitetura.com.br\/wp-content\/uploads\/2024\/08\/thumb-2-1426x1536.png 1426w, https:\/\/obituarioarquitetura.com.br\/wp-content\/uploads\/2024\/08\/thumb-2.png 1657w\" sizes=\"(max-width: 951px) 100vw, 951px\" \/><\/a><\/figure>\n<\/div>\n\n\n\n<div class=\"wp-block-column is-layout-flow wp-container-core-column-layout-3 wp-block-column-is-layout-flow\">\n<figure class=\"wp-block-image size-large is-style-rounded\"><a href=\"https:\/\/obituarioarquitetura.com.br\/?page_id=228\"><img loading=\"lazy\" decoding=\"async\" width=\"683\" height=\"1024\" src=\"https:\/\/obituarioarquitetura.com.br\/wp-content\/uploads\/2024\/07\/2-683x1024.jpg\" alt=\"\" class=\"wp-image-373\" style=\"aspect-ratio:3\/4;object-fit:cover\" srcset=\"https:\/\/obituarioarquitetura.com.br\/wp-content\/uploads\/2024\/07\/2-683x1024.jpg 683w, https:\/\/obituarioarquitetura.com.br\/wp-content\/uploads\/2024\/07\/2-200x300.jpg 200w, https:\/\/obituarioarquitetura.com.br\/wp-content\/uploads\/2024\/07\/2-768x1152.jpg 768w, https:\/\/obituarioarquitetura.com.br\/wp-content\/uploads\/2024\/07\/2-1024x1536.jpg 1024w, https:\/\/obituarioarquitetura.com.br\/wp-content\/uploads\/2024\/07\/2-1365x2048.jpg 1365w, https:\/\/obituarioarquitetura.com.br\/wp-content\/uploads\/2024\/07\/2-scaled.jpg 1707w\" sizes=\"(max-width: 683px) 100vw, 683px\" \/><\/a><\/figure>\n\n\n\n<div style=\"height:var(--wp--preset--spacing--50)\" aria-hidden=\"true\" class=\"wp-block-spacer\"><\/div>\n\n\n\n<figure class=\"wp-block-image size-large is-style-rounded\"><a href=\"https:\/\/obituarioarquitetura.com.br\/?page_id=468\"><img loading=\"lazy\" decoding=\"async\" width=\"793\" height=\"1024\" src=\"https:\/\/obituarioarquitetura.com.br\/wp-content\/uploads\/2024\/08\/6-1-793x1024.png\" alt=\"\" class=\"wp-image-466\" style=\"aspect-ratio:3\/4;object-fit:cover\" srcset=\"https:\/\/obituarioarquitetura.com.br\/wp-content\/uploads\/2024\/08\/6-1-793x1024.png 793w, https:\/\/obituarioarquitetura.com.br\/wp-content\/uploads\/2024\/08\/6-1-232x300.png 232w, https:\/\/obituarioarquitetura.com.br\/wp-content\/uploads\/2024\/08\/6-1-768x992.png 768w, https:\/\/obituarioarquitetura.com.br\/wp-content\/uploads\/2024\/08\/6-1-1190x1536.png 1190w, https:\/\/obituarioarquitetura.com.br\/wp-content\/uploads\/2024\/08\/6-1-1586x2048.png 1586w\" sizes=\"(max-width: 793px) 100vw, 793px\" \/><\/a><\/figure>\n\n\n\n<div style=\"height:var(--wp--preset--spacing--50)\" aria-hidden=\"true\" class=\"wp-block-spacer\"><\/div>\n\n\n\n<figure class=\"wp-block-image size-large is-style-rounded\"><a href=\"https:\/\/obituarioarquitetura.com.br\/?page_id=541\"><img loading=\"lazy\" decoding=\"async\" width=\"683\" height=\"1024\" src=\"https:\/\/obituarioarquitetura.com.br\/wp-content\/uploads\/2024\/08\/8-683x1024.jpg\" alt=\"\" class=\"wp-image-540\" style=\"aspect-ratio:16\/9;object-fit:cover\" srcset=\"https:\/\/obituarioarquitetura.com.br\/wp-content\/uploads\/2024\/08\/8-683x1024.jpg 683w, https:\/\/obituarioarquitetura.com.br\/wp-content\/uploads\/2024\/08\/8-200x300.jpg 200w, https:\/\/obituarioarquitetura.com.br\/wp-content\/uploads\/2024\/08\/8-768x1152.jpg 768w, https:\/\/obituarioarquitetura.com.br\/wp-content\/uploads\/2024\/08\/8-1024x1536.jpg 1024w, https:\/\/obituarioarquitetura.com.br\/wp-content\/uploads\/2024\/08\/8-1365x2048.jpg 1365w, https:\/\/obituarioarquitetura.com.br\/wp-content\/uploads\/2024\/08\/8-scaled.jpg 1707w\" sizes=\"(max-width: 683px) 100vw, 683px\" \/><\/a><\/figure>\n<\/div>\n\n\n\n<div class=\"wp-block-column is-layout-flow wp-container-core-column-layout-4 wp-block-column-is-layout-flow\">\n<div style=\"height:var(--wp--preset--spacing--50)\" aria-hidden=\"true\" class=\"wp-block-spacer\"><\/div>\n\n\n\n<figure class=\"wp-block-image size-large is-style-rounded\"><a href=\"https:\/\/obituarioarquitetura.com.br\/?page_id=242\"><img loading=\"lazy\" decoding=\"async\" width=\"1024\" height=\"741\" src=\"https:\/\/obituarioarquitetura.com.br\/wp-content\/uploads\/2024\/07\/thumb-1-1024x741.jpg\" alt=\"\" class=\"wp-image-376\" style=\"aspect-ratio:1;object-fit:cover\" srcset=\"https:\/\/obituarioarquitetura.com.br\/wp-content\/uploads\/2024\/07\/thumb-1-1024x741.jpg 1024w, https:\/\/obituarioarquitetura.com.br\/wp-content\/uploads\/2024\/07\/thumb-1-300x217.jpg 300w, https:\/\/obituarioarquitetura.com.br\/wp-content\/uploads\/2024\/07\/thumb-1-768x556.jpg 768w, https:\/\/obituarioarquitetura.com.br\/wp-content\/uploads\/2024\/07\/thumb-1-1536x1112.jpg 1536w, https:\/\/obituarioarquitetura.com.br\/wp-content\/uploads\/2024\/07\/thumb-1-2048x1482.jpg 2048w\" sizes=\"(max-width: 1024px) 100vw, 1024px\" \/><\/a><\/figure>\n\n\n\n<div style=\"height:var(--wp--preset--spacing--50)\" aria-hidden=\"true\" class=\"wp-block-spacer\"><\/div>\n\n\n\n<figure class=\"wp-block-image size-large is-style-rounded\"><a href=\"https:\/\/obituarioarquitetura.com.br\/?page_id=481\"><img loading=\"lazy\" decoding=\"async\" width=\"1024\" height=\"680\" src=\"https:\/\/obituarioarquitetura.com.br\/wp-content\/uploads\/2024\/08\/thumb-1024x680.jpg\" alt=\"\" class=\"wp-image-487\" style=\"aspect-ratio:16\/9;object-fit:cover\" srcset=\"https:\/\/obituarioarquitetura.com.br\/wp-content\/uploads\/2024\/08\/thumb-1024x680.jpg 1024w, https:\/\/obituarioarquitetura.com.br\/wp-content\/uploads\/2024\/08\/thumb-300x199.jpg 300w, https:\/\/obituarioarquitetura.com.br\/wp-content\/uploads\/2024\/08\/thumb-768x510.jpg 768w, https:\/\/obituarioarquitetura.com.br\/wp-content\/uploads\/2024\/08\/thumb.jpg 1375w\" sizes=\"(max-width: 1024px) 100vw, 1024px\" \/><\/a><\/figure>\n\n\n\n<div style=\"height:var(--wp--preset--spacing--50)\" aria-hidden=\"true\" class=\"wp-block-spacer\"><\/div>\n\n\n\n<figure class=\"wp-block-image size-large is-style-rounded\"><a href=\"https:\/\/obituarioarquitetura.com.br\/?page_id=531\"><img loading=\"lazy\" decoding=\"async\" width=\"587\" height=\"1024\" src=\"https:\/\/obituarioarquitetura.com.br\/wp-content\/uploads\/2024\/08\/5-4-587x1024.png\" alt=\"\" class=\"wp-image-530\" style=\"aspect-ratio:9\/16;object-fit:cover\" srcset=\"https:\/\/obituarioarquitetura.com.br\/wp-content\/uploads\/2024\/08\/5-4-587x1024.png 587w, https:\/\/obituarioarquitetura.com.br\/wp-content\/uploads\/2024\/08\/5-4-172x300.png 172w, https:\/\/obituarioarquitetura.com.br\/wp-content\/uploads\/2024\/08\/5-4-768x1340.png 768w, https:\/\/obituarioarquitetura.com.br\/wp-content\/uploads\/2024\/08\/5-4-880x1536.png 880w, https:\/\/obituarioarquitetura.com.br\/wp-content\/uploads\/2024\/08\/5-4-1174x2048.png 1174w\" sizes=\"(max-width: 587px) 100vw, 587px\" \/><\/a><\/figure>\n<\/div>\n<\/div>\n<\/div>\n","protected":false},"excerpt":{"rendered":"<p>[abandonos] aqui, encontramos um registro de tipologias est\u00e3o em situa\u00e7\u00e3o de abandono e em risco de desaparecimento. este desaparecimento leva com ele n\u00e3o s\u00f3 a fisicalidade destas constru\u00e7\u00f5es, mas parte das hist\u00f3rias das pr\u00f3prias pessoas que viveram ali. levam tamb\u00e9m parte da diversidade e da mem\u00f3ria coletiva quando desaparecem. foram reportados tipos diferentes de abandono, [&hellip;]<\/p>\n","protected":false},"author":1,"featured_media":0,"parent":0,"menu_order":0,"comment_status":"closed","ping_status":"closed","template":"","meta":{"footnotes":""},"_links":{"self":[{"href":"https:\/\/obituarioarquitetura.com.br\/index.php?rest_route=\/wp\/v2\/pages\/350"}],"collection":[{"href":"https:\/\/obituarioarquitetura.com.br\/index.php?rest_route=\/wp\/v2\/pages"}],"about":[{"href":"https:\/\/obituarioarquitetura.com.br\/index.php?rest_route=\/wp\/v2\/types\/page"}],"author":[{"embeddable":true,"href":"https:\/\/obituarioarquitetura.com.br\/index.php?rest_route=\/wp\/v2\/users\/1"}],"replies":[{"embeddable":true,"href":"https:\/\/obituarioarquitetura.com.br\/index.php?rest_route=%2Fwp%2Fv2%2Fcomments&post=350"}],"version-history":[{"count":19,"href":"https:\/\/obituarioarquitetura.com.br\/index.php?rest_route=\/wp\/v2\/pages\/350\/revisions"}],"predecessor-version":[{"id":552,"href":"https:\/\/obituarioarquitetura.com.br\/index.php?rest_route=\/wp\/v2\/pages\/350\/revisions\/552"}],"wp:attachment":[{"href":"https:\/\/obituarioarquitetura.com.br\/index.php?rest_route=%2Fwp%2Fv2%2Fmedia&parent=350"}],"curies":[{"name":"wp","href":"https:\/\/api.w.org\/{rel}","templated":true}]}}