{"id":402,"date":"2024-07-30T03:34:45","date_gmt":"2024-07-30T06:34:45","guid":{"rendered":"https:\/\/obituarioarquitetura.com.br\/?page_id=402"},"modified":"2024-07-30T03:34:45","modified_gmt":"2024-07-30T06:34:45","slug":"verde-cobogo","status":"publish","type":"page","link":"https:\/\/obituarioarquitetura.com.br\/?page_id=402","title":{"rendered":"verde &#038; cobog\u00f3"},"content":{"rendered":"\n<figure class=\"wp-block-image size-large\"><img loading=\"lazy\" decoding=\"async\" width=\"1024\" height=\"683\" src=\"https:\/\/obituarioarquitetura.com.br\/wp-content\/uploads\/2024\/07\/1-9-1024x683.png\" alt=\"\" class=\"wp-image-403\" srcset=\"https:\/\/obituarioarquitetura.com.br\/wp-content\/uploads\/2024\/07\/1-9-1024x683.png 1024w, https:\/\/obituarioarquitetura.com.br\/wp-content\/uploads\/2024\/07\/1-9-300x200.png 300w, https:\/\/obituarioarquitetura.com.br\/wp-content\/uploads\/2024\/07\/1-9-768x512.png 768w, https:\/\/obituarioarquitetura.com.br\/wp-content\/uploads\/2024\/07\/1-9-1536x1024.png 1536w, https:\/\/obituarioarquitetura.com.br\/wp-content\/uploads\/2024\/07\/1-9-2048x1365.png 2048w\" sizes=\"(max-width: 1024px) 100vw, 1024px\" \/><\/figure>\n\n\n\n<figure class=\"wp-block-image size-large\"><img loading=\"lazy\" decoding=\"async\" width=\"1024\" height=\"683\" src=\"https:\/\/obituarioarquitetura.com.br\/wp-content\/uploads\/2024\/07\/2-7-1024x683.png\" alt=\"\" class=\"wp-image-404\" srcset=\"https:\/\/obituarioarquitetura.com.br\/wp-content\/uploads\/2024\/07\/2-7-1024x683.png 1024w, https:\/\/obituarioarquitetura.com.br\/wp-content\/uploads\/2024\/07\/2-7-300x200.png 300w, https:\/\/obituarioarquitetura.com.br\/wp-content\/uploads\/2024\/07\/2-7-768x512.png 768w, https:\/\/obituarioarquitetura.com.br\/wp-content\/uploads\/2024\/07\/2-7-1536x1024.png 1536w, https:\/\/obituarioarquitetura.com.br\/wp-content\/uploads\/2024\/07\/2-7-2048x1365.png 2048w\" sizes=\"(max-width: 1024px) 100vw, 1024px\" \/><\/figure>\n\n\n\n<figure class=\"wp-block-image size-large\"><img loading=\"lazy\" decoding=\"async\" width=\"1024\" height=\"554\" src=\"https:\/\/obituarioarquitetura.com.br\/wp-content\/uploads\/2024\/07\/3-7-1024x554.png\" alt=\"\" class=\"wp-image-405\" srcset=\"https:\/\/obituarioarquitetura.com.br\/wp-content\/uploads\/2024\/07\/3-7-1024x554.png 1024w, https:\/\/obituarioarquitetura.com.br\/wp-content\/uploads\/2024\/07\/3-7-300x162.png 300w, https:\/\/obituarioarquitetura.com.br\/wp-content\/uploads\/2024\/07\/3-7-768x415.png 768w, https:\/\/obituarioarquitetura.com.br\/wp-content\/uploads\/2024\/07\/3-7-1536x831.png 1536w, https:\/\/obituarioarquitetura.com.br\/wp-content\/uploads\/2024\/07\/3-7-2048x1107.png 2048w\" sizes=\"(max-width: 1024px) 100vw, 1024px\" \/><\/figure>\n\n\n\n<figure class=\"wp-block-image size-large\"><img loading=\"lazy\" decoding=\"async\" width=\"1024\" height=\"683\" src=\"https:\/\/obituarioarquitetura.com.br\/wp-content\/uploads\/2024\/07\/4-9-1024x683.png\" alt=\"\" class=\"wp-image-406\" srcset=\"https:\/\/obituarioarquitetura.com.br\/wp-content\/uploads\/2024\/07\/4-9-1024x683.png 1024w, https:\/\/obituarioarquitetura.com.br\/wp-content\/uploads\/2024\/07\/4-9-300x200.png 300w, https:\/\/obituarioarquitetura.com.br\/wp-content\/uploads\/2024\/07\/4-9-768x512.png 768w, https:\/\/obituarioarquitetura.com.br\/wp-content\/uploads\/2024\/07\/4-9-1536x1024.png 1536w, https:\/\/obituarioarquitetura.com.br\/wp-content\/uploads\/2024\/07\/4-9-2048x1365.png 2048w\" sizes=\"(max-width: 1024px) 100vw, 1024px\" \/><\/figure>\n\n\n\n<figure class=\"wp-block-image size-large\"><img loading=\"lazy\" decoding=\"async\" width=\"1024\" height=\"683\" src=\"https:\/\/obituarioarquitetura.com.br\/wp-content\/uploads\/2024\/07\/5-8-1024x683.png\" alt=\"\" class=\"wp-image-407\" srcset=\"https:\/\/obituarioarquitetura.com.br\/wp-content\/uploads\/2024\/07\/5-8-1024x683.png 1024w, https:\/\/obituarioarquitetura.com.br\/wp-content\/uploads\/2024\/07\/5-8-300x200.png 300w, https:\/\/obituarioarquitetura.com.br\/wp-content\/uploads\/2024\/07\/5-8-768x512.png 768w, https:\/\/obituarioarquitetura.com.br\/wp-content\/uploads\/2024\/07\/5-8-1536x1024.png 1536w, https:\/\/obituarioarquitetura.com.br\/wp-content\/uploads\/2024\/07\/5-8-2048x1365.png 2048w\" sizes=\"(max-width: 1024px) 100vw, 1024px\" \/><\/figure>\n\n\n\n<figure class=\"wp-block-image size-large\"><img loading=\"lazy\" decoding=\"async\" width=\"1024\" height=\"683\" src=\"https:\/\/obituarioarquitetura.com.br\/wp-content\/uploads\/2024\/07\/6-6-1024x683.png\" alt=\"\" class=\"wp-image-408\" srcset=\"https:\/\/obituarioarquitetura.com.br\/wp-content\/uploads\/2024\/07\/6-6-1024x683.png 1024w, https:\/\/obituarioarquitetura.com.br\/wp-content\/uploads\/2024\/07\/6-6-300x200.png 300w, https:\/\/obituarioarquitetura.com.br\/wp-content\/uploads\/2024\/07\/6-6-768x512.png 768w, https:\/\/obituarioarquitetura.com.br\/wp-content\/uploads\/2024\/07\/6-6-1536x1024.png 1536w, https:\/\/obituarioarquitetura.com.br\/wp-content\/uploads\/2024\/07\/6-6-2048x1365.png 2048w\" sizes=\"(max-width: 1024px) 100vw, 1024px\" \/><\/figure>\n\n\n\n<figure class=\"wp-block-image size-large\"><img loading=\"lazy\" decoding=\"async\" width=\"1024\" height=\"597\" src=\"https:\/\/obituarioarquitetura.com.br\/wp-content\/uploads\/2024\/07\/8-6-1024x597.png\" alt=\"\" class=\"wp-image-409\" srcset=\"https:\/\/obituarioarquitetura.com.br\/wp-content\/uploads\/2024\/07\/8-6-1024x597.png 1024w, https:\/\/obituarioarquitetura.com.br\/wp-content\/uploads\/2024\/07\/8-6-300x175.png 300w, https:\/\/obituarioarquitetura.com.br\/wp-content\/uploads\/2024\/07\/8-6-768x448.png 768w, https:\/\/obituarioarquitetura.com.br\/wp-content\/uploads\/2024\/07\/8-6-1536x896.png 1536w, https:\/\/obituarioarquitetura.com.br\/wp-content\/uploads\/2024\/07\/8-6-2048x1195.png 2048w\" sizes=\"(max-width: 1024px) 100vw, 1024px\" \/><\/figure>\n\n\n\n<figure class=\"wp-block-image size-large is-resized\"><img loading=\"lazy\" decoding=\"async\" width=\"1024\" height=\"683\" src=\"https:\/\/obituarioarquitetura.com.br\/wp-content\/uploads\/2024\/07\/9-3-1024x683.png\" alt=\"\" class=\"wp-image-410\" style=\"width:620px;height:auto\" srcset=\"https:\/\/obituarioarquitetura.com.br\/wp-content\/uploads\/2024\/07\/9-3-1024x683.png 1024w, https:\/\/obituarioarquitetura.com.br\/wp-content\/uploads\/2024\/07\/9-3-300x200.png 300w, https:\/\/obituarioarquitetura.com.br\/wp-content\/uploads\/2024\/07\/9-3-768x512.png 768w, https:\/\/obituarioarquitetura.com.br\/wp-content\/uploads\/2024\/07\/9-3-1536x1024.png 1536w, https:\/\/obituarioarquitetura.com.br\/wp-content\/uploads\/2024\/07\/9-3-2048x1365.png 2048w\" sizes=\"(max-width: 1024px) 100vw, 1024px\" \/><\/figure>\n\n\n\n<figure class=\"wp-block-image size-large\"><img loading=\"lazy\" decoding=\"async\" width=\"1024\" height=\"683\" src=\"https:\/\/obituarioarquitetura.com.br\/wp-content\/uploads\/2024\/07\/10-1-1024x683.png\" alt=\"\" class=\"wp-image-411\" srcset=\"https:\/\/obituarioarquitetura.com.br\/wp-content\/uploads\/2024\/07\/10-1-1024x683.png 1024w, https:\/\/obituarioarquitetura.com.br\/wp-content\/uploads\/2024\/07\/10-1-300x200.png 300w, https:\/\/obituarioarquitetura.com.br\/wp-content\/uploads\/2024\/07\/10-1-768x512.png 768w, https:\/\/obituarioarquitetura.com.br\/wp-content\/uploads\/2024\/07\/10-1-1536x1024.png 1536w, https:\/\/obituarioarquitetura.com.br\/wp-content\/uploads\/2024\/07\/10-1-2048x1365.png 2048w\" sizes=\"(max-width: 1024px) 100vw, 1024px\" \/><\/figure>\n\n\n\n<figure class=\"wp-block-image size-large\"><img loading=\"lazy\" decoding=\"async\" width=\"1024\" height=\"683\" src=\"https:\/\/obituarioarquitetura.com.br\/wp-content\/uploads\/2024\/07\/11-1-1024x683.png\" alt=\"\" class=\"wp-image-412\" srcset=\"https:\/\/obituarioarquitetura.com.br\/wp-content\/uploads\/2024\/07\/11-1-1024x683.png 1024w, https:\/\/obituarioarquitetura.com.br\/wp-content\/uploads\/2024\/07\/11-1-300x200.png 300w, https:\/\/obituarioarquitetura.com.br\/wp-content\/uploads\/2024\/07\/11-1-768x512.png 768w, https:\/\/obituarioarquitetura.com.br\/wp-content\/uploads\/2024\/07\/11-1-1536x1024.png 1536w, https:\/\/obituarioarquitetura.com.br\/wp-content\/uploads\/2024\/07\/11-1-2048x1365.png 2048w\" sizes=\"(max-width: 1024px) 100vw, 1024px\" \/><\/figure>\n\n\n\n<p>N\u00e3o se v\u00ea o muro da casa, ele \u00e9 todo tomado de heras. Muro baixo, na altura da cintura e mesmo assim \u00e9 dif\u00edcil ver seus moradores. <\/p>\n","protected":false},"excerpt":{"rendered":"<p>N\u00e3o se v\u00ea o muro da casa, ele \u00e9 todo tomado de heras. Muro baixo, na altura da cintura e mesmo assim \u00e9 dif\u00edcil ver seus moradores.<\/p>\n","protected":false},"author":1,"featured_media":0,"parent":0,"menu_order":0,"comment_status":"closed","ping_status":"closed","template":"","meta":{"footnotes":""},"_links":{"self":[{"href":"https:\/\/obituarioarquitetura.com.br\/index.php?rest_route=\/wp\/v2\/pages\/402"}],"collection":[{"href":"https:\/\/obituarioarquitetura.com.br\/index.php?rest_route=\/wp\/v2\/pages"}],"about":[{"href":"https:\/\/obituarioarquitetura.com.br\/index.php?rest_route=\/wp\/v2\/types\/page"}],"author":[{"embeddable":true,"href":"https:\/\/obituarioarquitetura.com.br\/index.php?rest_route=\/wp\/v2\/users\/1"}],"replies":[{"embeddable":true,"href":"https:\/\/obituarioarquitetura.com.br\/index.php?rest_route=%2Fwp%2Fv2%2Fcomments&post=402"}],"version-history":[{"count":1,"href":"https:\/\/obituarioarquitetura.com.br\/index.php?rest_route=\/wp\/v2\/pages\/402\/revisions"}],"predecessor-version":[{"id":413,"href":"https:\/\/obituarioarquitetura.com.br\/index.php?rest_route=\/wp\/v2\/pages\/402\/revisions\/413"}],"wp:attachment":[{"href":"https:\/\/obituarioarquitetura.com.br\/index.php?rest_route=%2Fwp%2Fv2%2Fmedia&parent=402"}],"curies":[{"name":"wp","href":"https:\/\/api.w.org\/{rel}","templated":true}]}}