{"id":436,"date":"2024-07-31T01:16:11","date_gmt":"2024-07-31T04:16:11","guid":{"rendered":"https:\/\/obituarioarquitetura.com.br\/?page_id=436"},"modified":"2024-07-31T01:16:11","modified_gmt":"2024-07-31T04:16:11","slug":"gradis-e-muretas","status":"publish","type":"page","link":"https:\/\/obituarioarquitetura.com.br\/?page_id=436","title":{"rendered":"gradis e muretas"},"content":{"rendered":"\n<figure class=\"wp-block-image size-large\"><img loading=\"lazy\" decoding=\"async\" width=\"1024\" height=\"705\" src=\"https:\/\/obituarioarquitetura.com.br\/wp-content\/uploads\/2024\/07\/1-11-1024x705.png\" alt=\"\" class=\"wp-image-437\" srcset=\"https:\/\/obituarioarquitetura.com.br\/wp-content\/uploads\/2024\/07\/1-11-1024x705.png 1024w, https:\/\/obituarioarquitetura.com.br\/wp-content\/uploads\/2024\/07\/1-11-300x207.png 300w, https:\/\/obituarioarquitetura.com.br\/wp-content\/uploads\/2024\/07\/1-11-768x529.png 768w, https:\/\/obituarioarquitetura.com.br\/wp-content\/uploads\/2024\/07\/1-11-1536x1058.png 1536w, https:\/\/obituarioarquitetura.com.br\/wp-content\/uploads\/2024\/07\/1-11-2048x1411.png 2048w\" sizes=\"(max-width: 1024px) 100vw, 1024px\" \/><\/figure>\n\n\n\n<figure class=\"wp-block-image size-large\"><img loading=\"lazy\" decoding=\"async\" width=\"1024\" height=\"683\" src=\"https:\/\/obituarioarquitetura.com.br\/wp-content\/uploads\/2024\/07\/2-9-1024x683.png\" alt=\"\" class=\"wp-image-438\" srcset=\"https:\/\/obituarioarquitetura.com.br\/wp-content\/uploads\/2024\/07\/2-9-1024x683.png 1024w, https:\/\/obituarioarquitetura.com.br\/wp-content\/uploads\/2024\/07\/2-9-300x200.png 300w, https:\/\/obituarioarquitetura.com.br\/wp-content\/uploads\/2024\/07\/2-9-768x512.png 768w, https:\/\/obituarioarquitetura.com.br\/wp-content\/uploads\/2024\/07\/2-9-1536x1024.png 1536w, https:\/\/obituarioarquitetura.com.br\/wp-content\/uploads\/2024\/07\/2-9-2048x1365.png 2048w\" sizes=\"(max-width: 1024px) 100vw, 1024px\" \/><\/figure>\n\n\n\n<figure class=\"wp-block-image size-large\"><img loading=\"lazy\" decoding=\"async\" width=\"1024\" height=\"587\" src=\"https:\/\/obituarioarquitetura.com.br\/wp-content\/uploads\/2024\/07\/3-10-1024x587.png\" alt=\"\" class=\"wp-image-439\" srcset=\"https:\/\/obituarioarquitetura.com.br\/wp-content\/uploads\/2024\/07\/3-10-1024x587.png 1024w, https:\/\/obituarioarquitetura.com.br\/wp-content\/uploads\/2024\/07\/3-10-300x172.png 300w, https:\/\/obituarioarquitetura.com.br\/wp-content\/uploads\/2024\/07\/3-10-768x440.png 768w, https:\/\/obituarioarquitetura.com.br\/wp-content\/uploads\/2024\/07\/3-10-1536x881.png 1536w, https:\/\/obituarioarquitetura.com.br\/wp-content\/uploads\/2024\/07\/3-10-2048x1174.png 2048w\" sizes=\"(max-width: 1024px) 100vw, 1024px\" \/><\/figure>\n\n\n\n<figure class=\"wp-block-image size-large\"><img loading=\"lazy\" decoding=\"async\" width=\"1024\" height=\"683\" src=\"https:\/\/obituarioarquitetura.com.br\/wp-content\/uploads\/2024\/07\/4-12-1024x683.png\" alt=\"\" class=\"wp-image-440\" srcset=\"https:\/\/obituarioarquitetura.com.br\/wp-content\/uploads\/2024\/07\/4-12-1024x683.png 1024w, https:\/\/obituarioarquitetura.com.br\/wp-content\/uploads\/2024\/07\/4-12-300x200.png 300w, https:\/\/obituarioarquitetura.com.br\/wp-content\/uploads\/2024\/07\/4-12-768x512.png 768w, https:\/\/obituarioarquitetura.com.br\/wp-content\/uploads\/2024\/07\/4-12-1536x1024.png 1536w, https:\/\/obituarioarquitetura.com.br\/wp-content\/uploads\/2024\/07\/4-12-2048x1365.png 2048w\" sizes=\"(max-width: 1024px) 100vw, 1024px\" \/><\/figure>\n\n\n\n<figure class=\"wp-block-image size-large\"><img loading=\"lazy\" decoding=\"async\" width=\"1024\" height=\"683\" src=\"https:\/\/obituarioarquitetura.com.br\/wp-content\/uploads\/2024\/07\/5-10-1024x683.png\" alt=\"\" class=\"wp-image-441\" srcset=\"https:\/\/obituarioarquitetura.com.br\/wp-content\/uploads\/2024\/07\/5-10-1024x683.png 1024w, https:\/\/obituarioarquitetura.com.br\/wp-content\/uploads\/2024\/07\/5-10-300x200.png 300w, https:\/\/obituarioarquitetura.com.br\/wp-content\/uploads\/2024\/07\/5-10-768x512.png 768w, https:\/\/obituarioarquitetura.com.br\/wp-content\/uploads\/2024\/07\/5-10-1536x1024.png 1536w, https:\/\/obituarioarquitetura.com.br\/wp-content\/uploads\/2024\/07\/5-10-2048x1365.png 2048w\" sizes=\"(max-width: 1024px) 100vw, 1024px\" \/><\/figure>\n\n\n\n<figure class=\"wp-block-image size-large\"><img loading=\"lazy\" decoding=\"async\" width=\"1024\" height=\"582\" src=\"https:\/\/obituarioarquitetura.com.br\/wp-content\/uploads\/2024\/07\/6-8-1024x582.png\" alt=\"\" class=\"wp-image-442\" srcset=\"https:\/\/obituarioarquitetura.com.br\/wp-content\/uploads\/2024\/07\/6-8-1024x582.png 1024w, https:\/\/obituarioarquitetura.com.br\/wp-content\/uploads\/2024\/07\/6-8-300x170.png 300w, https:\/\/obituarioarquitetura.com.br\/wp-content\/uploads\/2024\/07\/6-8-768x436.png 768w, https:\/\/obituarioarquitetura.com.br\/wp-content\/uploads\/2024\/07\/6-8-1536x872.png 1536w, https:\/\/obituarioarquitetura.com.br\/wp-content\/uploads\/2024\/07\/6-8-2048x1163.png 2048w\" sizes=\"(max-width: 1024px) 100vw, 1024px\" \/><\/figure>\n\n\n\n<p>Esse registro \u00e9 diferente, fizemos a soma de v\u00e1rias casas que trazem gradis e muretinhas que permitem uma conex\u00e3o com a rua. Boa parte das casas est\u00e3o desocupadas.<\/p>\n","protected":false},"excerpt":{"rendered":"<p>Esse registro \u00e9 diferente, fizemos a soma de v\u00e1rias casas que trazem gradis e muretinhas que permitem uma conex\u00e3o com a rua. Boa parte das casas est\u00e3o desocupadas.<\/p>\n","protected":false},"author":1,"featured_media":0,"parent":0,"menu_order":0,"comment_status":"closed","ping_status":"closed","template":"","meta":{"footnotes":""},"_links":{"self":[{"href":"https:\/\/obituarioarquitetura.com.br\/index.php?rest_route=\/wp\/v2\/pages\/436"}],"collection":[{"href":"https:\/\/obituarioarquitetura.com.br\/index.php?rest_route=\/wp\/v2\/pages"}],"about":[{"href":"https:\/\/obituarioarquitetura.com.br\/index.php?rest_route=\/wp\/v2\/types\/page"}],"author":[{"embeddable":true,"href":"https:\/\/obituarioarquitetura.com.br\/index.php?rest_route=\/wp\/v2\/users\/1"}],"replies":[{"embeddable":true,"href":"https:\/\/obituarioarquitetura.com.br\/index.php?rest_route=%2Fwp%2Fv2%2Fcomments&post=436"}],"version-history":[{"count":1,"href":"https:\/\/obituarioarquitetura.com.br\/index.php?rest_route=\/wp\/v2\/pages\/436\/revisions"}],"predecessor-version":[{"id":443,"href":"https:\/\/obituarioarquitetura.com.br\/index.php?rest_route=\/wp\/v2\/pages\/436\/revisions\/443"}],"wp:attachment":[{"href":"https:\/\/obituarioarquitetura.com.br\/index.php?rest_route=%2Fwp%2Fv2%2Fmedia&parent=436"}],"curies":[{"name":"wp","href":"https:\/\/api.w.org\/{rel}","templated":true}]}}