{"id":44,"date":"2024-03-06T22:55:33","date_gmt":"2024-03-07T01:55:33","guid":{"rendered":"https:\/\/obituarioarquitetura.com.br\/?page_id=44"},"modified":"2024-03-24T16:12:16","modified_gmt":"2024-03-24T19:12:16","slug":"colabore","status":"publish","type":"page","link":"https:\/\/obituarioarquitetura.com.br\/?page_id=44","title":{"rendered":""},"content":{"rendered":"\n<div class=\"wp-block-media-text alignwide is-stacked-on-mobile is-vertically-aligned-top\" style=\"grid-template-columns:40% auto\"><figure class=\"wp-block-media-text__media\"><img loading=\"lazy\" decoding=\"async\" width=\"781\" height=\"1024\" src=\"https:\/\/obituarioarquitetura.com.br\/wp-content\/uploads\/2024\/03\/thumb-781x1024.jpg\" alt=\"\" class=\"wp-image-79 size-large\" srcset=\"https:\/\/obituarioarquitetura.com.br\/wp-content\/uploads\/2024\/03\/thumb-781x1024.jpg 781w, https:\/\/obituarioarquitetura.com.br\/wp-content\/uploads\/2024\/03\/thumb-229x300.jpg 229w, https:\/\/obituarioarquitetura.com.br\/wp-content\/uploads\/2024\/03\/thumb-768x1007.jpg 768w, https:\/\/obituarioarquitetura.com.br\/wp-content\/uploads\/2024\/03\/thumb-1172x1536.jpg 1172w, https:\/\/obituarioarquitetura.com.br\/wp-content\/uploads\/2024\/03\/thumb-1562x2048.jpg 1562w, https:\/\/obituarioarquitetura.com.br\/wp-content\/uploads\/2024\/03\/thumb-scaled.jpg 1953w\" sizes=\"(max-width: 781px) 100vw, 781px\" \/><\/figure><div class=\"wp-block-media-text__content\">\n<h2 class=\"wp-block-heading\">Colabore!<\/h2>\n\n\n\n<p class=\"has-text-align-left has-medium-font-size\">Aqui voc\u00ea pode enviar imagens e hist\u00f3rias sobre alguma arquitetura em Recife e seus arredores que tamb\u00e9m est\u00e1 resistindo a um processo de desaparecimento. Lembramos que para publica\u00e7\u00e3o no \u00e1lbum do <em>Obi.tu.\u00e1.rio <\/em>necessitamos que a qualidade das imagens esteja boa [+ conte com detalhes da constru\u00e7\u00e3o, seu entorno e uma vis\u00e3o geral da constru\u00e7\u00e3o] e que tenha um texto sobre sua experi\u00eancia com a edifica\u00e7\u00e3o.<\/p>\n\n\n\n<p><\/p>\n\n\n\n<div class=\"wp-block-buttons is-layout-flex wp-block-buttons-is-layout-flex\">\n<div class=\"wp-block-button\"><a class=\"wp-block-button__link wp-element-button\" href=\"https:\/\/forms.gle\/uTRyNdv2i6dgzUmq8\" target=\"_blank\" rel=\"noreferrer noopener\">enviar sua contribui\u00e7\u00e3o!<\/a><\/div>\n<\/div>\n\n\n\n<p><\/p>\n<\/div><\/div>\n\n\n\n<p><\/p>\n","protected":false},"excerpt":{"rendered":"","protected":false},"author":1,"featured_media":0,"parent":0,"menu_order":0,"comment_status":"closed","ping_status":"closed","template":"","meta":{"footnotes":""},"_links":{"self":[{"href":"https:\/\/obituarioarquitetura.com.br\/index.php?rest_route=\/wp\/v2\/pages\/44"}],"collection":[{"href":"https:\/\/obituarioarquitetura.com.br\/index.php?rest_route=\/wp\/v2\/pages"}],"about":[{"href":"https:\/\/obituarioarquitetura.com.br\/index.php?rest_route=\/wp\/v2\/types\/page"}],"author":[{"embeddable":true,"href":"https:\/\/obituarioarquitetura.com.br\/index.php?rest_route=\/wp\/v2\/users\/1"}],"replies":[{"embeddable":true,"href":"https:\/\/obituarioarquitetura.com.br\/index.php?rest_route=%2Fwp%2Fv2%2Fcomments&post=44"}],"version-history":[{"count":10,"href":"https:\/\/obituarioarquitetura.com.br\/index.php?rest_route=\/wp\/v2\/pages\/44\/revisions"}],"predecessor-version":[{"id":98,"href":"https:\/\/obituarioarquitetura.com.br\/index.php?rest_route=\/wp\/v2\/pages\/44\/revisions\/98"}],"wp:attachment":[{"href":"https:\/\/obituarioarquitetura.com.br\/index.php?rest_route=%2Fwp%2Fv2%2Fmedia&parent=44"}],"curies":[{"name":"wp","href":"https:\/\/api.w.org\/{rel}","templated":true}]}}