{"id":446,"date":"2024-07-31T02:41:10","date_gmt":"2024-07-31T05:41:10","guid":{"rendered":"https:\/\/obituarioarquitetura.com.br\/?page_id=446"},"modified":"2024-07-31T02:41:10","modified_gmt":"2024-07-31T05:41:10","slug":"arcos","status":"publish","type":"page","link":"https:\/\/obituarioarquitetura.com.br\/?page_id=446","title":{"rendered":"arcos"},"content":{"rendered":"\n<figure class=\"wp-block-image size-large\"><img loading=\"lazy\" decoding=\"async\" width=\"1024\" height=\"683\" src=\"https:\/\/obituarioarquitetura.com.br\/wp-content\/uploads\/2024\/07\/1-12-1024x683.png\" alt=\"\" class=\"wp-image-447\" srcset=\"https:\/\/obituarioarquitetura.com.br\/wp-content\/uploads\/2024\/07\/1-12-1024x683.png 1024w, https:\/\/obituarioarquitetura.com.br\/wp-content\/uploads\/2024\/07\/1-12-300x200.png 300w, https:\/\/obituarioarquitetura.com.br\/wp-content\/uploads\/2024\/07\/1-12-768x512.png 768w, https:\/\/obituarioarquitetura.com.br\/wp-content\/uploads\/2024\/07\/1-12-1536x1024.png 1536w, https:\/\/obituarioarquitetura.com.br\/wp-content\/uploads\/2024\/07\/1-12-2048x1365.png 2048w\" sizes=\"(max-width: 1024px) 100vw, 1024px\" \/><\/figure>\n\n\n\n<figure class=\"wp-block-image size-large\"><img loading=\"lazy\" decoding=\"async\" width=\"683\" height=\"1024\" src=\"https:\/\/obituarioarquitetura.com.br\/wp-content\/uploads\/2024\/07\/2-10-683x1024.png\" alt=\"\" class=\"wp-image-448\" srcset=\"https:\/\/obituarioarquitetura.com.br\/wp-content\/uploads\/2024\/07\/2-10-683x1024.png 683w, https:\/\/obituarioarquitetura.com.br\/wp-content\/uploads\/2024\/07\/2-10-200x300.png 200w, https:\/\/obituarioarquitetura.com.br\/wp-content\/uploads\/2024\/07\/2-10-768x1152.png 768w, https:\/\/obituarioarquitetura.com.br\/wp-content\/uploads\/2024\/07\/2-10-1024x1536.png 1024w, https:\/\/obituarioarquitetura.com.br\/wp-content\/uploads\/2024\/07\/2-10-1365x2048.png 1365w\" sizes=\"(max-width: 683px) 100vw, 683px\" \/><\/figure>\n\n\n\n<figure class=\"wp-block-image size-large\"><img loading=\"lazy\" decoding=\"async\" width=\"1024\" height=\"683\" src=\"https:\/\/obituarioarquitetura.com.br\/wp-content\/uploads\/2024\/07\/4-13-1024x683.png\" alt=\"\" class=\"wp-image-449\" srcset=\"https:\/\/obituarioarquitetura.com.br\/wp-content\/uploads\/2024\/07\/4-13-1024x683.png 1024w, https:\/\/obituarioarquitetura.com.br\/wp-content\/uploads\/2024\/07\/4-13-300x200.png 300w, https:\/\/obituarioarquitetura.com.br\/wp-content\/uploads\/2024\/07\/4-13-768x512.png 768w, https:\/\/obituarioarquitetura.com.br\/wp-content\/uploads\/2024\/07\/4-13-1536x1024.png 1536w, https:\/\/obituarioarquitetura.com.br\/wp-content\/uploads\/2024\/07\/4-13-2048x1365.png 2048w\" sizes=\"(max-width: 1024px) 100vw, 1024px\" \/><\/figure>\n\n\n\n<figure class=\"wp-block-image size-large is-resized\"><img loading=\"lazy\" decoding=\"async\" width=\"683\" height=\"1024\" src=\"https:\/\/obituarioarquitetura.com.br\/wp-content\/uploads\/2024\/07\/5-11-683x1024.png\" alt=\"\" class=\"wp-image-450\" style=\"width:620px;height:auto\" srcset=\"https:\/\/obituarioarquitetura.com.br\/wp-content\/uploads\/2024\/07\/5-11-683x1024.png 683w, https:\/\/obituarioarquitetura.com.br\/wp-content\/uploads\/2024\/07\/5-11-200x300.png 200w, https:\/\/obituarioarquitetura.com.br\/wp-content\/uploads\/2024\/07\/5-11-768x1152.png 768w, https:\/\/obituarioarquitetura.com.br\/wp-content\/uploads\/2024\/07\/5-11-1024x1536.png 1024w, https:\/\/obituarioarquitetura.com.br\/wp-content\/uploads\/2024\/07\/5-11-1365x2048.png 1365w\" sizes=\"(max-width: 683px) 100vw, 683px\" \/><\/figure>\n\n\n\n<figure class=\"wp-block-image size-large\"><img loading=\"lazy\" decoding=\"async\" width=\"1024\" height=\"683\" src=\"https:\/\/obituarioarquitetura.com.br\/wp-content\/uploads\/2024\/07\/6-9-1024x683.png\" alt=\"\" class=\"wp-image-451\" srcset=\"https:\/\/obituarioarquitetura.com.br\/wp-content\/uploads\/2024\/07\/6-9-1024x683.png 1024w, https:\/\/obituarioarquitetura.com.br\/wp-content\/uploads\/2024\/07\/6-9-300x200.png 300w, https:\/\/obituarioarquitetura.com.br\/wp-content\/uploads\/2024\/07\/6-9-768x512.png 768w, https:\/\/obituarioarquitetura.com.br\/wp-content\/uploads\/2024\/07\/6-9-1536x1024.png 1536w, https:\/\/obituarioarquitetura.com.br\/wp-content\/uploads\/2024\/07\/6-9-2048x1365.png 2048w\" sizes=\"(max-width: 1024px) 100vw, 1024px\" \/><\/figure>\n\n\n\n<figure class=\"wp-block-image size-large\"><img loading=\"lazy\" decoding=\"async\" width=\"1024\" height=\"683\" src=\"https:\/\/obituarioarquitetura.com.br\/wp-content\/uploads\/2024\/07\/7-8-1024x683.png\" alt=\"\" class=\"wp-image-452\" srcset=\"https:\/\/obituarioarquitetura.com.br\/wp-content\/uploads\/2024\/07\/7-8-1024x683.png 1024w, https:\/\/obituarioarquitetura.com.br\/wp-content\/uploads\/2024\/07\/7-8-300x200.png 300w, https:\/\/obituarioarquitetura.com.br\/wp-content\/uploads\/2024\/07\/7-8-768x512.png 768w, https:\/\/obituarioarquitetura.com.br\/wp-content\/uploads\/2024\/07\/7-8-1536x1024.png 1536w, https:\/\/obituarioarquitetura.com.br\/wp-content\/uploads\/2024\/07\/7-8-2048x1365.png 2048w\" sizes=\"(max-width: 1024px) 100vw, 1024px\" \/><\/figure>\n\n\n\n<figure class=\"wp-block-image size-large\"><img loading=\"lazy\" decoding=\"async\" width=\"1024\" height=\"656\" src=\"https:\/\/obituarioarquitetura.com.br\/wp-content\/uploads\/2024\/07\/8-8-1024x656.png\" alt=\"\" class=\"wp-image-455\" srcset=\"https:\/\/obituarioarquitetura.com.br\/wp-content\/uploads\/2024\/07\/8-8-1024x656.png 1024w, https:\/\/obituarioarquitetura.com.br\/wp-content\/uploads\/2024\/07\/8-8-300x192.png 300w, https:\/\/obituarioarquitetura.com.br\/wp-content\/uploads\/2024\/07\/8-8-768x492.png 768w, https:\/\/obituarioarquitetura.com.br\/wp-content\/uploads\/2024\/07\/8-8-1536x984.png 1536w, https:\/\/obituarioarquitetura.com.br\/wp-content\/uploads\/2024\/07\/8-8-2048x1311.png 2048w\" sizes=\"(max-width: 1024px) 100vw, 1024px\" \/><\/figure>\n\n\n\n<figure class=\"wp-block-image size-large\"><img loading=\"lazy\" decoding=\"async\" width=\"667\" height=\"1024\" src=\"https:\/\/obituarioarquitetura.com.br\/wp-content\/uploads\/2024\/07\/9-5-667x1024.png\" alt=\"\" class=\"wp-image-454\" srcset=\"https:\/\/obituarioarquitetura.com.br\/wp-content\/uploads\/2024\/07\/9-5-667x1024.png 667w, https:\/\/obituarioarquitetura.com.br\/wp-content\/uploads\/2024\/07\/9-5-195x300.png 195w, https:\/\/obituarioarquitetura.com.br\/wp-content\/uploads\/2024\/07\/9-5-768x1179.png 768w, https:\/\/obituarioarquitetura.com.br\/wp-content\/uploads\/2024\/07\/9-5-1001x1536.png 1001w, https:\/\/obituarioarquitetura.com.br\/wp-content\/uploads\/2024\/07\/9-5-1334x2048.png 1334w\" sizes=\"(max-width: 667px) 100vw, 667px\" \/><\/figure>\n\n\n\n<figure class=\"wp-block-image size-large\"><img loading=\"lazy\" decoding=\"async\" width=\"1024\" height=\"218\" src=\"https:\/\/obituarioarquitetura.com.br\/wp-content\/uploads\/2024\/07\/10-3-1024x218.png\" alt=\"\" class=\"wp-image-453\" srcset=\"https:\/\/obituarioarquitetura.com.br\/wp-content\/uploads\/2024\/07\/10-3-1024x218.png 1024w, https:\/\/obituarioarquitetura.com.br\/wp-content\/uploads\/2024\/07\/10-3-300x64.png 300w, https:\/\/obituarioarquitetura.com.br\/wp-content\/uploads\/2024\/07\/10-3-768x163.png 768w, https:\/\/obituarioarquitetura.com.br\/wp-content\/uploads\/2024\/07\/10-3-1536x327.png 1536w, https:\/\/obituarioarquitetura.com.br\/wp-content\/uploads\/2024\/07\/10-3-2048x436.png 2048w\" sizes=\"(max-width: 1024px) 100vw, 1024px\" \/><\/figure>\n\n\n\n<figure class=\"wp-block-image size-large\"><img loading=\"lazy\" decoding=\"async\" width=\"1024\" height=\"642\" src=\"https:\/\/obituarioarquitetura.com.br\/wp-content\/uploads\/2024\/07\/11-3-1024x642.png\" alt=\"\" class=\"wp-image-456\" srcset=\"https:\/\/obituarioarquitetura.com.br\/wp-content\/uploads\/2024\/07\/11-3-1024x642.png 1024w, https:\/\/obituarioarquitetura.com.br\/wp-content\/uploads\/2024\/07\/11-3-300x188.png 300w, https:\/\/obituarioarquitetura.com.br\/wp-content\/uploads\/2024\/07\/11-3-768x482.png 768w, https:\/\/obituarioarquitetura.com.br\/wp-content\/uploads\/2024\/07\/11-3-1536x963.png 1536w, https:\/\/obituarioarquitetura.com.br\/wp-content\/uploads\/2024\/07\/11-3-2048x1284.png 2048w\" sizes=\"(max-width: 1024px) 100vw, 1024px\" \/><\/figure>\n\n\n\n<figure class=\"wp-block-image size-large\"><img loading=\"lazy\" decoding=\"async\" width=\"683\" height=\"1024\" src=\"https:\/\/obituarioarquitetura.com.br\/wp-content\/uploads\/2024\/07\/12-3-683x1024.png\" alt=\"\" class=\"wp-image-457\" srcset=\"https:\/\/obituarioarquitetura.com.br\/wp-content\/uploads\/2024\/07\/12-3-683x1024.png 683w, https:\/\/obituarioarquitetura.com.br\/wp-content\/uploads\/2024\/07\/12-3-200x300.png 200w, https:\/\/obituarioarquitetura.com.br\/wp-content\/uploads\/2024\/07\/12-3-768x1152.png 768w, https:\/\/obituarioarquitetura.com.br\/wp-content\/uploads\/2024\/07\/12-3-1024x1536.png 1024w, https:\/\/obituarioarquitetura.com.br\/wp-content\/uploads\/2024\/07\/12-3-1365x2048.png 1365w\" sizes=\"(max-width: 683px) 100vw, 683px\" \/><\/figure>\n\n\n\n<p>Uma placa contando a hist\u00f3ria do terreno e de uma fam\u00edlia rica que o possu\u00eda antes da edifica\u00e7\u00e3o. \u00c9 uma estratifica\u00e7\u00e3o das camadas de hist\u00f3rias que podemos encontrar nas cidades. Mas, com essa hist\u00f3ria oficial, podemos nos perguntar: e das pessoas comuns, onde est\u00e3o as placas? Quem contar\u00e1 estas hist\u00f3rias?<\/p>\n","protected":false},"excerpt":{"rendered":"<p>Uma placa contando a hist\u00f3ria do terreno e de uma fam\u00edlia rica que o possu\u00eda antes da edifica\u00e7\u00e3o. \u00c9 uma estratifica\u00e7\u00e3o das camadas de hist\u00f3rias que podemos encontrar nas cidades. Mas, com essa hist\u00f3ria oficial, podemos nos perguntar: e das pessoas comuns, onde est\u00e3o as placas? Quem contar\u00e1 estas hist\u00f3rias?<\/p>\n","protected":false},"author":1,"featured_media":0,"parent":0,"menu_order":0,"comment_status":"closed","ping_status":"closed","template":"","meta":{"footnotes":""},"_links":{"self":[{"href":"https:\/\/obituarioarquitetura.com.br\/index.php?rest_route=\/wp\/v2\/pages\/446"}],"collection":[{"href":"https:\/\/obituarioarquitetura.com.br\/index.php?rest_route=\/wp\/v2\/pages"}],"about":[{"href":"https:\/\/obituarioarquitetura.com.br\/index.php?rest_route=\/wp\/v2\/types\/page"}],"author":[{"embeddable":true,"href":"https:\/\/obituarioarquitetura.com.br\/index.php?rest_route=\/wp\/v2\/users\/1"}],"replies":[{"embeddable":true,"href":"https:\/\/obituarioarquitetura.com.br\/index.php?rest_route=%2Fwp%2Fv2%2Fcomments&post=446"}],"version-history":[{"count":1,"href":"https:\/\/obituarioarquitetura.com.br\/index.php?rest_route=\/wp\/v2\/pages\/446\/revisions"}],"predecessor-version":[{"id":458,"href":"https:\/\/obituarioarquitetura.com.br\/index.php?rest_route=\/wp\/v2\/pages\/446\/revisions\/458"}],"wp:attachment":[{"href":"https:\/\/obituarioarquitetura.com.br\/index.php?rest_route=%2Fwp%2Fv2%2Fmedia&parent=446"}],"curies":[{"name":"wp","href":"https:\/\/api.w.org\/{rel}","templated":true}]}}