{"id":468,"date":"2024-08-02T00:43:11","date_gmt":"2024-08-02T03:43:11","guid":{"rendered":"https:\/\/obituarioarquitetura.com.br\/?page_id=468"},"modified":"2024-08-02T00:43:11","modified_gmt":"2024-08-02T03:43:11","slug":"a-venda","status":"publish","type":"page","link":"https:\/\/obituarioarquitetura.com.br\/?page_id=468","title":{"rendered":"\u00e0 venda"},"content":{"rendered":"\n<figure class=\"wp-block-image size-large\"><img loading=\"lazy\" decoding=\"async\" width=\"1024\" height=\"683\" src=\"https:\/\/obituarioarquitetura.com.br\/wp-content\/uploads\/2024\/08\/1-1024x683.png\" alt=\"\" class=\"wp-image-469\" srcset=\"https:\/\/obituarioarquitetura.com.br\/wp-content\/uploads\/2024\/08\/1-1024x683.png 1024w, https:\/\/obituarioarquitetura.com.br\/wp-content\/uploads\/2024\/08\/1-300x200.png 300w, https:\/\/obituarioarquitetura.com.br\/wp-content\/uploads\/2024\/08\/1-768x512.png 768w, https:\/\/obituarioarquitetura.com.br\/wp-content\/uploads\/2024\/08\/1-1536x1024.png 1536w, https:\/\/obituarioarquitetura.com.br\/wp-content\/uploads\/2024\/08\/1-2048x1365.png 2048w\" sizes=\"(max-width: 1024px) 100vw, 1024px\" \/><\/figure>\n\n\n\n<figure class=\"wp-block-image size-large\"><img loading=\"lazy\" decoding=\"async\" width=\"755\" height=\"1024\" src=\"https:\/\/obituarioarquitetura.com.br\/wp-content\/uploads\/2024\/08\/2-755x1024.png\" alt=\"\" class=\"wp-image-470\" srcset=\"https:\/\/obituarioarquitetura.com.br\/wp-content\/uploads\/2024\/08\/2-755x1024.png 755w, https:\/\/obituarioarquitetura.com.br\/wp-content\/uploads\/2024\/08\/2-221x300.png 221w, https:\/\/obituarioarquitetura.com.br\/wp-content\/uploads\/2024\/08\/2-768x1041.png 768w, https:\/\/obituarioarquitetura.com.br\/wp-content\/uploads\/2024\/08\/2-1133x1536.png 1133w, https:\/\/obituarioarquitetura.com.br\/wp-content\/uploads\/2024\/08\/2-1511x2048.png 1511w\" sizes=\"(max-width: 755px) 100vw, 755px\" \/><\/figure>\n\n\n\n<figure class=\"wp-block-image size-large\"><img loading=\"lazy\" decoding=\"async\" width=\"683\" height=\"1024\" src=\"https:\/\/obituarioarquitetura.com.br\/wp-content\/uploads\/2024\/08\/3-683x1024.png\" alt=\"\" class=\"wp-image-471\" srcset=\"https:\/\/obituarioarquitetura.com.br\/wp-content\/uploads\/2024\/08\/3-683x1024.png 683w, https:\/\/obituarioarquitetura.com.br\/wp-content\/uploads\/2024\/08\/3-200x300.png 200w, https:\/\/obituarioarquitetura.com.br\/wp-content\/uploads\/2024\/08\/3-768x1152.png 768w, https:\/\/obituarioarquitetura.com.br\/wp-content\/uploads\/2024\/08\/3-1024x1536.png 1024w, https:\/\/obituarioarquitetura.com.br\/wp-content\/uploads\/2024\/08\/3-1365x2048.png 1365w\" sizes=\"(max-width: 683px) 100vw, 683px\" \/><\/figure>\n\n\n\n<figure class=\"wp-block-image size-large\"><img loading=\"lazy\" decoding=\"async\" width=\"3648\" height=\"5472\" src=\"https:\/\/obituarioarquitetura.com.br\/wp-content\/uploads\/2024\/08\/4-683x1024.png\" alt=\"\" class=\"wp-image-472\" srcset=\"https:\/\/obituarioarquitetura.com.br\/wp-content\/uploads\/2024\/08\/4-683x1024.png 683w, https:\/\/obituarioarquitetura.com.br\/wp-content\/uploads\/2024\/08\/4-200x300.png 200w, https:\/\/obituarioarquitetura.com.br\/wp-content\/uploads\/2024\/08\/4-768x1152.png 768w, https:\/\/obituarioarquitetura.com.br\/wp-content\/uploads\/2024\/08\/4-1024x1536.png 1024w, https:\/\/obituarioarquitetura.com.br\/wp-content\/uploads\/2024\/08\/4-1365x2048.png 1365w\" sizes=\"(max-width: 3648px) 100vw, 3648px\" \/><\/figure>\n\n\n\n<figure class=\"wp-block-image size-large\"><img loading=\"lazy\" decoding=\"async\" width=\"1024\" height=\"683\" src=\"https:\/\/obituarioarquitetura.com.br\/wp-content\/uploads\/2024\/08\/5-1024x683.png\" alt=\"\" class=\"wp-image-473\" srcset=\"https:\/\/obituarioarquitetura.com.br\/wp-content\/uploads\/2024\/08\/5-1024x683.png 1024w, https:\/\/obituarioarquitetura.com.br\/wp-content\/uploads\/2024\/08\/5-300x200.png 300w, https:\/\/obituarioarquitetura.com.br\/wp-content\/uploads\/2024\/08\/5-768x512.png 768w, https:\/\/obituarioarquitetura.com.br\/wp-content\/uploads\/2024\/08\/5-1536x1024.png 1536w, https:\/\/obituarioarquitetura.com.br\/wp-content\/uploads\/2024\/08\/5-2048x1365.png 2048w\" sizes=\"(max-width: 1024px) 100vw, 1024px\" \/><\/figure>\n\n\n\n<figure class=\"wp-block-image size-large\"><img loading=\"lazy\" decoding=\"async\" width=\"793\" height=\"1024\" src=\"https:\/\/obituarioarquitetura.com.br\/wp-content\/uploads\/2024\/08\/6-2-793x1024.png\" alt=\"\" class=\"wp-image-474\" srcset=\"https:\/\/obituarioarquitetura.com.br\/wp-content\/uploads\/2024\/08\/6-2-793x1024.png 793w, https:\/\/obituarioarquitetura.com.br\/wp-content\/uploads\/2024\/08\/6-2-232x300.png 232w, https:\/\/obituarioarquitetura.com.br\/wp-content\/uploads\/2024\/08\/6-2-768x992.png 768w, https:\/\/obituarioarquitetura.com.br\/wp-content\/uploads\/2024\/08\/6-2-1190x1536.png 1190w, https:\/\/obituarioarquitetura.com.br\/wp-content\/uploads\/2024\/08\/6-2-1586x2048.png 1586w\" sizes=\"(max-width: 793px) 100vw, 793px\" \/><\/figure>\n\n\n\n<figure class=\"wp-block-image size-large\"><img loading=\"lazy\" decoding=\"async\" width=\"683\" height=\"1024\" src=\"https:\/\/obituarioarquitetura.com.br\/wp-content\/uploads\/2024\/08\/7-683x1024.png\" alt=\"\" class=\"wp-image-475\" srcset=\"https:\/\/obituarioarquitetura.com.br\/wp-content\/uploads\/2024\/08\/7-683x1024.png 683w, https:\/\/obituarioarquitetura.com.br\/wp-content\/uploads\/2024\/08\/7-200x300.png 200w, https:\/\/obituarioarquitetura.com.br\/wp-content\/uploads\/2024\/08\/7-768x1152.png 768w, https:\/\/obituarioarquitetura.com.br\/wp-content\/uploads\/2024\/08\/7-1024x1536.png 1024w, https:\/\/obituarioarquitetura.com.br\/wp-content\/uploads\/2024\/08\/7-1365x2048.png 1365w\" sizes=\"(max-width: 683px) 100vw, 683px\" \/><\/figure>\n\n\n\n<figure class=\"wp-block-image size-large is-resized\"><img loading=\"lazy\" decoding=\"async\" width=\"683\" height=\"1024\" src=\"https:\/\/obituarioarquitetura.com.br\/wp-content\/uploads\/2024\/08\/8-683x1024.png\" alt=\"\" class=\"wp-image-476\" style=\"width:620px;height:auto\" srcset=\"https:\/\/obituarioarquitetura.com.br\/wp-content\/uploads\/2024\/08\/8-683x1024.png 683w, https:\/\/obituarioarquitetura.com.br\/wp-content\/uploads\/2024\/08\/8-200x300.png 200w, https:\/\/obituarioarquitetura.com.br\/wp-content\/uploads\/2024\/08\/8-768x1152.png 768w, https:\/\/obituarioarquitetura.com.br\/wp-content\/uploads\/2024\/08\/8-1024x1536.png 1024w, https:\/\/obituarioarquitetura.com.br\/wp-content\/uploads\/2024\/08\/8-1365x2048.png 1365w\" sizes=\"(max-width: 683px) 100vw, 683px\" \/><\/figure>\n\n\n\n<figure class=\"wp-block-image size-large\"><img loading=\"lazy\" decoding=\"async\" width=\"1024\" height=\"683\" src=\"https:\/\/obituarioarquitetura.com.br\/wp-content\/uploads\/2024\/08\/9-1024x683.png\" alt=\"\" class=\"wp-image-477\" srcset=\"https:\/\/obituarioarquitetura.com.br\/wp-content\/uploads\/2024\/08\/9-1024x683.png 1024w, https:\/\/obituarioarquitetura.com.br\/wp-content\/uploads\/2024\/08\/9-300x200.png 300w, https:\/\/obituarioarquitetura.com.br\/wp-content\/uploads\/2024\/08\/9-768x512.png 768w, https:\/\/obituarioarquitetura.com.br\/wp-content\/uploads\/2024\/08\/9-1536x1024.png 1536w, https:\/\/obituarioarquitetura.com.br\/wp-content\/uploads\/2024\/08\/9-2048x1365.png 2048w\" sizes=\"(max-width: 1024px) 100vw, 1024px\" \/><\/figure>\n\n\n\n<p>Vende-se ou troca-se, fazemos qualquer neg\u00f3cio. N\u00e3o \u00e9 incomum quando come\u00e7amos a fazer a pesquisa de ver casas \u00e0 venda, na verdade, boa parte das casas que fotografamos no \u00e1lbum [abandonos] estava \u00e0 venda. Assim, registramos uma outra forma de abandono, aquele que diz menos sobre as condi\u00e7\u00f5es estruturais da edifica\u00e7\u00e3o, mas fala antes de uma forma de viver [em casas] que est\u00e1 se extinguindo.<\/p>\n","protected":false},"excerpt":{"rendered":"<p>Vende-se ou troca-se, fazemos qualquer neg\u00f3cio. N\u00e3o \u00e9 incomum quando come\u00e7amos a fazer a pesquisa de ver casas \u00e0 venda, na verdade, boa parte das casas que fotografamos no \u00e1lbum [abandonos] estava \u00e0 venda. Assim, registramos uma outra forma de abandono, aquele que diz menos sobre as condi\u00e7\u00f5es estruturais da edifica\u00e7\u00e3o, mas fala antes de [&hellip;]<\/p>\n","protected":false},"author":1,"featured_media":0,"parent":0,"menu_order":0,"comment_status":"closed","ping_status":"closed","template":"","meta":{"footnotes":""},"_links":{"self":[{"href":"https:\/\/obituarioarquitetura.com.br\/index.php?rest_route=\/wp\/v2\/pages\/468"}],"collection":[{"href":"https:\/\/obituarioarquitetura.com.br\/index.php?rest_route=\/wp\/v2\/pages"}],"about":[{"href":"https:\/\/obituarioarquitetura.com.br\/index.php?rest_route=\/wp\/v2\/types\/page"}],"author":[{"embeddable":true,"href":"https:\/\/obituarioarquitetura.com.br\/index.php?rest_route=\/wp\/v2\/users\/1"}],"replies":[{"embeddable":true,"href":"https:\/\/obituarioarquitetura.com.br\/index.php?rest_route=%2Fwp%2Fv2%2Fcomments&post=468"}],"version-history":[{"count":1,"href":"https:\/\/obituarioarquitetura.com.br\/index.php?rest_route=\/wp\/v2\/pages\/468\/revisions"}],"predecessor-version":[{"id":478,"href":"https:\/\/obituarioarquitetura.com.br\/index.php?rest_route=\/wp\/v2\/pages\/468\/revisions\/478"}],"wp:attachment":[{"href":"https:\/\/obituarioarquitetura.com.br\/index.php?rest_route=%2Fwp%2Fv2%2Fmedia&parent=468"}],"curies":[{"name":"wp","href":"https:\/\/api.w.org\/{rel}","templated":true}]}}