{"id":481,"date":"2024-08-02T00:57:41","date_gmt":"2024-08-02T03:57:41","guid":{"rendered":"https:\/\/obituarioarquitetura.com.br\/?page_id=481"},"modified":"2024-08-02T00:57:41","modified_gmt":"2024-08-02T03:57:41","slug":"jardins","status":"publish","type":"page","link":"https:\/\/obituarioarquitetura.com.br\/?page_id=481","title":{"rendered":"Jardins"},"content":{"rendered":"\n<figure class=\"wp-block-image size-large\"><img loading=\"lazy\" decoding=\"async\" width=\"1024\" height=\"683\" src=\"https:\/\/obituarioarquitetura.com.br\/wp-content\/uploads\/2024\/08\/1-2-1024x683.png\" alt=\"\" class=\"wp-image-483\" srcset=\"https:\/\/obituarioarquitetura.com.br\/wp-content\/uploads\/2024\/08\/1-2-1024x683.png 1024w, https:\/\/obituarioarquitetura.com.br\/wp-content\/uploads\/2024\/08\/1-2-300x200.png 300w, https:\/\/obituarioarquitetura.com.br\/wp-content\/uploads\/2024\/08\/1-2-768x512.png 768w, https:\/\/obituarioarquitetura.com.br\/wp-content\/uploads\/2024\/08\/1-2-1536x1024.png 1536w, https:\/\/obituarioarquitetura.com.br\/wp-content\/uploads\/2024\/08\/1-2-2048x1365.png 2048w\" sizes=\"(max-width: 1024px) 100vw, 1024px\" \/><\/figure>\n\n\n\n<figure class=\"wp-block-image size-large\"><img loading=\"lazy\" decoding=\"async\" width=\"1024\" height=\"637\" src=\"https:\/\/obituarioarquitetura.com.br\/wp-content\/uploads\/2024\/08\/2-1024x637.jpg\" alt=\"\" class=\"wp-image-482\" srcset=\"https:\/\/obituarioarquitetura.com.br\/wp-content\/uploads\/2024\/08\/2-1024x637.jpg 1024w, https:\/\/obituarioarquitetura.com.br\/wp-content\/uploads\/2024\/08\/2-300x187.jpg 300w, https:\/\/obituarioarquitetura.com.br\/wp-content\/uploads\/2024\/08\/2-768x478.jpg 768w, https:\/\/obituarioarquitetura.com.br\/wp-content\/uploads\/2024\/08\/2-1536x955.jpg 1536w, https:\/\/obituarioarquitetura.com.br\/wp-content\/uploads\/2024\/08\/2-2048x1273.jpg 2048w\" sizes=\"(max-width: 1024px) 100vw, 1024px\" \/><\/figure>\n\n\n\n<figure class=\"wp-block-image size-large\"><img loading=\"lazy\" decoding=\"async\" width=\"1024\" height=\"683\" src=\"https:\/\/obituarioarquitetura.com.br\/wp-content\/uploads\/2024\/08\/3-1024x683.jpg\" alt=\"\" class=\"wp-image-484\" srcset=\"https:\/\/obituarioarquitetura.com.br\/wp-content\/uploads\/2024\/08\/3-1024x683.jpg 1024w, https:\/\/obituarioarquitetura.com.br\/wp-content\/uploads\/2024\/08\/3-300x200.jpg 300w, https:\/\/obituarioarquitetura.com.br\/wp-content\/uploads\/2024\/08\/3-768x512.jpg 768w, https:\/\/obituarioarquitetura.com.br\/wp-content\/uploads\/2024\/08\/3-1536x1024.jpg 1536w, https:\/\/obituarioarquitetura.com.br\/wp-content\/uploads\/2024\/08\/3-2048x1365.jpg 2048w\" sizes=\"(max-width: 1024px) 100vw, 1024px\" \/><\/figure>\n\n\n\n<figure class=\"wp-block-image size-large\"><img loading=\"lazy\" decoding=\"async\" width=\"1024\" height=\"683\" src=\"https:\/\/obituarioarquitetura.com.br\/wp-content\/uploads\/2024\/08\/5-1024x683.jpg\" alt=\"\" class=\"wp-image-485\" srcset=\"https:\/\/obituarioarquitetura.com.br\/wp-content\/uploads\/2024\/08\/5-1024x683.jpg 1024w, https:\/\/obituarioarquitetura.com.br\/wp-content\/uploads\/2024\/08\/5-300x200.jpg 300w, https:\/\/obituarioarquitetura.com.br\/wp-content\/uploads\/2024\/08\/5-768x512.jpg 768w, https:\/\/obituarioarquitetura.com.br\/wp-content\/uploads\/2024\/08\/5-1536x1024.jpg 1536w, https:\/\/obituarioarquitetura.com.br\/wp-content\/uploads\/2024\/08\/5-2048x1365.jpg 2048w\" sizes=\"(max-width: 1024px) 100vw, 1024px\" \/><\/figure>\n\n\n\n<p>Junto com as casas, tamb\u00e9m v\u00e3o desaparecendo os jardins, o verde das ruas. Muitas das casas v\u00e3o sendo substitu\u00eddas por edifica\u00e7\u00f5es com estacionamentos e garagens onde n\u00e3o sobra espa\u00e7o para os jardins (planejados ou espont\u00e2neos) emergirem. Fazendo o trabalho de campo, percebemos que com o desaparecimento das casas, soltas no lote, rodeada de jardins e de \u00e1rvores (dentro e na cal\u00e7ada do terreno) tamb\u00e9m leva consigo uma outra parte importante da urbanidade. O verde vai desaparecendo e com ele as ruas v\u00e3o ficando mais quentes e menos agrad\u00e1veis para um passeio sombreado, assim vemos um desaparecimento puxando o outro. Com o derrubar das casas, tamb\u00e9m se v\u00e3o os jardins e os pedestres que andavam para percursos curtos nas ruas.<\/p>\n","protected":false},"excerpt":{"rendered":"<p>Junto com as casas, tamb\u00e9m v\u00e3o desaparecendo os jardins, o verde das ruas. Muitas das casas v\u00e3o sendo substitu\u00eddas por edifica\u00e7\u00f5es com estacionamentos e garagens onde n\u00e3o sobra espa\u00e7o para os jardins (planejados ou espont\u00e2neos) emergirem. Fazendo o trabalho de campo, percebemos que com o desaparecimento das casas, soltas no lote, rodeada de jardins e [&hellip;]<\/p>\n","protected":false},"author":1,"featured_media":0,"parent":0,"menu_order":0,"comment_status":"closed","ping_status":"closed","template":"","meta":{"footnotes":""},"_links":{"self":[{"href":"https:\/\/obituarioarquitetura.com.br\/index.php?rest_route=\/wp\/v2\/pages\/481"}],"collection":[{"href":"https:\/\/obituarioarquitetura.com.br\/index.php?rest_route=\/wp\/v2\/pages"}],"about":[{"href":"https:\/\/obituarioarquitetura.com.br\/index.php?rest_route=\/wp\/v2\/types\/page"}],"author":[{"embeddable":true,"href":"https:\/\/obituarioarquitetura.com.br\/index.php?rest_route=\/wp\/v2\/users\/1"}],"replies":[{"embeddable":true,"href":"https:\/\/obituarioarquitetura.com.br\/index.php?rest_route=%2Fwp%2Fv2%2Fcomments&post=481"}],"version-history":[{"count":1,"href":"https:\/\/obituarioarquitetura.com.br\/index.php?rest_route=\/wp\/v2\/pages\/481\/revisions"}],"predecessor-version":[{"id":486,"href":"https:\/\/obituarioarquitetura.com.br\/index.php?rest_route=\/wp\/v2\/pages\/481\/revisions\/486"}],"wp:attachment":[{"href":"https:\/\/obituarioarquitetura.com.br\/index.php?rest_route=%2Fwp%2Fv2%2Fmedia&parent=481"}],"curies":[{"name":"wp","href":"https:\/\/api.w.org\/{rel}","templated":true}]}}