{"id":520,"date":"2024-08-03T01:27:31","date_gmt":"2024-08-03T04:27:31","guid":{"rendered":"https:\/\/obituarioarquitetura.com.br\/?page_id=520"},"modified":"2024-08-03T01:27:31","modified_gmt":"2024-08-03T04:27:31","slug":"espera","status":"publish","type":"page","link":"https:\/\/obituarioarquitetura.com.br\/?page_id=520","title":{"rendered":"espera"},"content":{"rendered":"\n<figure class=\"wp-block-image size-large\"><img loading=\"lazy\" decoding=\"async\" width=\"683\" height=\"1024\" src=\"https:\/\/obituarioarquitetura.com.br\/wp-content\/uploads\/2024\/08\/1-4-683x1024.png\" alt=\"\" class=\"wp-image-521\" srcset=\"https:\/\/obituarioarquitetura.com.br\/wp-content\/uploads\/2024\/08\/1-4-683x1024.png 683w, https:\/\/obituarioarquitetura.com.br\/wp-content\/uploads\/2024\/08\/1-4-200x300.png 200w, https:\/\/obituarioarquitetura.com.br\/wp-content\/uploads\/2024\/08\/1-4-768x1152.png 768w, https:\/\/obituarioarquitetura.com.br\/wp-content\/uploads\/2024\/08\/1-4-1024x1536.png 1024w, https:\/\/obituarioarquitetura.com.br\/wp-content\/uploads\/2024\/08\/1-4-1365x2048.png 1365w\" sizes=\"(max-width: 683px) 100vw, 683px\" \/><\/figure>\n\n\n\n<figure class=\"wp-block-image size-large\"><img loading=\"lazy\" decoding=\"async\" width=\"1024\" height=\"683\" src=\"https:\/\/obituarioarquitetura.com.br\/wp-content\/uploads\/2024\/08\/3-2-1024x683.png\" alt=\"\" class=\"wp-image-523\" srcset=\"https:\/\/obituarioarquitetura.com.br\/wp-content\/uploads\/2024\/08\/3-2-1024x683.png 1024w, https:\/\/obituarioarquitetura.com.br\/wp-content\/uploads\/2024\/08\/3-2-300x200.png 300w, https:\/\/obituarioarquitetura.com.br\/wp-content\/uploads\/2024\/08\/3-2-768x512.png 768w, https:\/\/obituarioarquitetura.com.br\/wp-content\/uploads\/2024\/08\/3-2-1536x1024.png 1536w, https:\/\/obituarioarquitetura.com.br\/wp-content\/uploads\/2024\/08\/3-2-2048x1365.png 2048w\" sizes=\"(max-width: 1024px) 100vw, 1024px\" \/><\/figure>\n\n\n\n<figure class=\"wp-block-image size-large\"><img loading=\"lazy\" decoding=\"async\" width=\"1024\" height=\"683\" src=\"https:\/\/obituarioarquitetura.com.br\/wp-content\/uploads\/2024\/08\/5-2-1024x683.png\" alt=\"\" class=\"wp-image-524\" srcset=\"https:\/\/obituarioarquitetura.com.br\/wp-content\/uploads\/2024\/08\/5-2-1024x683.png 1024w, https:\/\/obituarioarquitetura.com.br\/wp-content\/uploads\/2024\/08\/5-2-300x200.png 300w, https:\/\/obituarioarquitetura.com.br\/wp-content\/uploads\/2024\/08\/5-2-768x512.png 768w, https:\/\/obituarioarquitetura.com.br\/wp-content\/uploads\/2024\/08\/5-2-1536x1024.png 1536w, https:\/\/obituarioarquitetura.com.br\/wp-content\/uploads\/2024\/08\/5-2-2048x1365.png 2048w\" sizes=\"(max-width: 1024px) 100vw, 1024px\" \/><\/figure>\n\n\n\n<figure class=\"wp-block-image size-large\"><img loading=\"lazy\" decoding=\"async\" width=\"1024\" height=\"683\" src=\"https:\/\/obituarioarquitetura.com.br\/wp-content\/uploads\/2024\/08\/5-3-1024x683.png\" alt=\"\" class=\"wp-image-525\" srcset=\"https:\/\/obituarioarquitetura.com.br\/wp-content\/uploads\/2024\/08\/5-3-1024x683.png 1024w, https:\/\/obituarioarquitetura.com.br\/wp-content\/uploads\/2024\/08\/5-3-300x200.png 300w, https:\/\/obituarioarquitetura.com.br\/wp-content\/uploads\/2024\/08\/5-3-768x512.png 768w, https:\/\/obituarioarquitetura.com.br\/wp-content\/uploads\/2024\/08\/5-3-1536x1024.png 1536w, https:\/\/obituarioarquitetura.com.br\/wp-content\/uploads\/2024\/08\/5-3-2048x1365.png 2048w\" sizes=\"(max-width: 1024px) 100vw, 1024px\" \/><\/figure>\n\n\n\n<figure class=\"wp-block-image size-large is-resized\"><img loading=\"lazy\" decoding=\"async\" width=\"1024\" height=\"683\" src=\"https:\/\/obituarioarquitetura.com.br\/wp-content\/uploads\/2024\/08\/6-4-1024x683.png\" alt=\"\" class=\"wp-image-526\" style=\"width:620px;height:auto\" srcset=\"https:\/\/obituarioarquitetura.com.br\/wp-content\/uploads\/2024\/08\/6-4-1024x683.png 1024w, https:\/\/obituarioarquitetura.com.br\/wp-content\/uploads\/2024\/08\/6-4-300x200.png 300w, https:\/\/obituarioarquitetura.com.br\/wp-content\/uploads\/2024\/08\/6-4-768x512.png 768w, https:\/\/obituarioarquitetura.com.br\/wp-content\/uploads\/2024\/08\/6-4-1536x1024.png 1536w, https:\/\/obituarioarquitetura.com.br\/wp-content\/uploads\/2024\/08\/6-4-2048x1365.png 2048w\" sizes=\"(max-width: 1024px) 100vw, 1024px\" \/><\/figure>\n\n\n\n<figure class=\"wp-block-image size-large\"><img loading=\"lazy\" decoding=\"async\" width=\"1024\" height=\"683\" src=\"https:\/\/obituarioarquitetura.com.br\/wp-content\/uploads\/2024\/08\/7-2-1024x683.png\" alt=\"\" class=\"wp-image-527\" srcset=\"https:\/\/obituarioarquitetura.com.br\/wp-content\/uploads\/2024\/08\/7-2-1024x683.png 1024w, https:\/\/obituarioarquitetura.com.br\/wp-content\/uploads\/2024\/08\/7-2-300x200.png 300w, https:\/\/obituarioarquitetura.com.br\/wp-content\/uploads\/2024\/08\/7-2-768x512.png 768w, https:\/\/obituarioarquitetura.com.br\/wp-content\/uploads\/2024\/08\/7-2-1536x1024.png 1536w, https:\/\/obituarioarquitetura.com.br\/wp-content\/uploads\/2024\/08\/7-2-2048x1365.png 2048w\" sizes=\"(max-width: 1024px) 100vw, 1024px\" \/><\/figure>\n\n\n\n<p>Das poucas casas que pessoas estiveram dispostas a conversar, soubemos que a casa t\u00e9rrea, com venezianas e cobog\u00f3s, telhado de uma \u00e1gua e um generoso jardim e oit\u00e3o estava apenas esperando para a expans\u00e3o de um empreendimento vizinho, que em breve seria reformada (ou demolida) para servir de espa\u00e7o para abrigar mais salas do empreendimento. Em sua entrada, havia v\u00e1rias sacas de material de constru\u00e7\u00e3o e obra, esperando para se operar sua transforma\u00e7\u00e3o. <\/p>\n","protected":false},"excerpt":{"rendered":"<p>Das poucas casas que pessoas estiveram dispostas a conversar, soubemos que a casa t\u00e9rrea, com venezianas e cobog\u00f3s, telhado de uma \u00e1gua e um generoso jardim e oit\u00e3o estava apenas esperando para a expans\u00e3o de um empreendimento vizinho, que em breve seria reformada (ou demolida) para servir de espa\u00e7o para abrigar mais salas do empreendimento. [&hellip;]<\/p>\n","protected":false},"author":1,"featured_media":0,"parent":0,"menu_order":0,"comment_status":"closed","ping_status":"closed","template":"","meta":{"footnotes":""},"_links":{"self":[{"href":"https:\/\/obituarioarquitetura.com.br\/index.php?rest_route=\/wp\/v2\/pages\/520"}],"collection":[{"href":"https:\/\/obituarioarquitetura.com.br\/index.php?rest_route=\/wp\/v2\/pages"}],"about":[{"href":"https:\/\/obituarioarquitetura.com.br\/index.php?rest_route=\/wp\/v2\/types\/page"}],"author":[{"embeddable":true,"href":"https:\/\/obituarioarquitetura.com.br\/index.php?rest_route=\/wp\/v2\/users\/1"}],"replies":[{"embeddable":true,"href":"https:\/\/obituarioarquitetura.com.br\/index.php?rest_route=%2Fwp%2Fv2%2Fcomments&post=520"}],"version-history":[{"count":1,"href":"https:\/\/obituarioarquitetura.com.br\/index.php?rest_route=\/wp\/v2\/pages\/520\/revisions"}],"predecessor-version":[{"id":528,"href":"https:\/\/obituarioarquitetura.com.br\/index.php?rest_route=\/wp\/v2\/pages\/520\/revisions\/528"}],"wp:attachment":[{"href":"https:\/\/obituarioarquitetura.com.br\/index.php?rest_route=%2Fwp%2Fv2%2Fmedia&parent=520"}],"curies":[{"name":"wp","href":"https:\/\/api.w.org\/{rel}","templated":true}]}}