{"id":531,"date":"2024-08-03T01:42:57","date_gmt":"2024-08-03T04:42:57","guid":{"rendered":"https:\/\/obituarioarquitetura.com.br\/?page_id=531"},"modified":"2024-08-03T01:42:57","modified_gmt":"2024-08-03T04:42:57","slug":"cobogo-rosa","status":"publish","type":"page","link":"https:\/\/obituarioarquitetura.com.br\/?page_id=531","title":{"rendered":"cobog\u00f3 rosa"},"content":{"rendered":"\n<figure class=\"wp-block-image size-large\"><img loading=\"lazy\" decoding=\"async\" width=\"1024\" height=\"670\" src=\"https:\/\/obituarioarquitetura.com.br\/wp-content\/uploads\/2024\/08\/10-1024x670.png\" alt=\"\" class=\"wp-image-532\" srcset=\"https:\/\/obituarioarquitetura.com.br\/wp-content\/uploads\/2024\/08\/10-1024x670.png 1024w, https:\/\/obituarioarquitetura.com.br\/wp-content\/uploads\/2024\/08\/10-300x196.png 300w, https:\/\/obituarioarquitetura.com.br\/wp-content\/uploads\/2024\/08\/10-768x503.png 768w, https:\/\/obituarioarquitetura.com.br\/wp-content\/uploads\/2024\/08\/10-1536x1006.png 1536w, https:\/\/obituarioarquitetura.com.br\/wp-content\/uploads\/2024\/08\/10-2048x1341.png 2048w\" sizes=\"(max-width: 1024px) 100vw, 1024px\" \/><\/figure>\n\n\n\n<figure class=\"wp-block-image size-large\"><img loading=\"lazy\" decoding=\"async\" width=\"1024\" height=\"683\" src=\"https:\/\/obituarioarquitetura.com.br\/wp-content\/uploads\/2024\/08\/9-1-1024x683.png\" alt=\"\" class=\"wp-image-533\" srcset=\"https:\/\/obituarioarquitetura.com.br\/wp-content\/uploads\/2024\/08\/9-1-1024x683.png 1024w, https:\/\/obituarioarquitetura.com.br\/wp-content\/uploads\/2024\/08\/9-1-300x200.png 300w, https:\/\/obituarioarquitetura.com.br\/wp-content\/uploads\/2024\/08\/9-1-768x512.png 768w, https:\/\/obituarioarquitetura.com.br\/wp-content\/uploads\/2024\/08\/9-1-1536x1024.png 1536w, https:\/\/obituarioarquitetura.com.br\/wp-content\/uploads\/2024\/08\/9-1-2048x1365.png 2048w\" sizes=\"(max-width: 1024px) 100vw, 1024px\" \/><\/figure>\n\n\n\n<figure class=\"wp-block-image size-large\"><img loading=\"lazy\" decoding=\"async\" width=\"1024\" height=\"649\" src=\"https:\/\/obituarioarquitetura.com.br\/wp-content\/uploads\/2024\/08\/8-1-1024x649.png\" alt=\"\" class=\"wp-image-534\" srcset=\"https:\/\/obituarioarquitetura.com.br\/wp-content\/uploads\/2024\/08\/8-1-1024x649.png 1024w, https:\/\/obituarioarquitetura.com.br\/wp-content\/uploads\/2024\/08\/8-1-300x190.png 300w, https:\/\/obituarioarquitetura.com.br\/wp-content\/uploads\/2024\/08\/8-1-768x487.png 768w, https:\/\/obituarioarquitetura.com.br\/wp-content\/uploads\/2024\/08\/8-1-1536x973.png 1536w, https:\/\/obituarioarquitetura.com.br\/wp-content\/uploads\/2024\/08\/8-1-2048x1298.png 2048w\" sizes=\"(max-width: 1024px) 100vw, 1024px\" \/><\/figure>\n\n\n\n<figure class=\"wp-block-image size-large\"><img loading=\"lazy\" decoding=\"async\" width=\"1024\" height=\"683\" src=\"https:\/\/obituarioarquitetura.com.br\/wp-content\/uploads\/2024\/08\/7-3-1024x683.png\" alt=\"\" class=\"wp-image-535\" srcset=\"https:\/\/obituarioarquitetura.com.br\/wp-content\/uploads\/2024\/08\/7-3-1024x683.png 1024w, https:\/\/obituarioarquitetura.com.br\/wp-content\/uploads\/2024\/08\/7-3-300x200.png 300w, https:\/\/obituarioarquitetura.com.br\/wp-content\/uploads\/2024\/08\/7-3-768x512.png 768w, https:\/\/obituarioarquitetura.com.br\/wp-content\/uploads\/2024\/08\/7-3-1536x1024.png 1536w, https:\/\/obituarioarquitetura.com.br\/wp-content\/uploads\/2024\/08\/7-3-2048x1365.png 2048w\" sizes=\"(max-width: 1024px) 100vw, 1024px\" \/><\/figure>\n\n\n\n<figure class=\"wp-block-image size-large\"><img loading=\"lazy\" decoding=\"async\" width=\"1024\" height=\"638\" src=\"https:\/\/obituarioarquitetura.com.br\/wp-content\/uploads\/2024\/08\/6-5-1024x638.png\" alt=\"\" class=\"wp-image-536\" srcset=\"https:\/\/obituarioarquitetura.com.br\/wp-content\/uploads\/2024\/08\/6-5-1024x638.png 1024w, https:\/\/obituarioarquitetura.com.br\/wp-content\/uploads\/2024\/08\/6-5-300x187.png 300w, https:\/\/obituarioarquitetura.com.br\/wp-content\/uploads\/2024\/08\/6-5-768x478.png 768w, https:\/\/obituarioarquitetura.com.br\/wp-content\/uploads\/2024\/08\/6-5-1536x957.png 1536w, https:\/\/obituarioarquitetura.com.br\/wp-content\/uploads\/2024\/08\/6-5-2048x1276.png 2048w\" sizes=\"(max-width: 1024px) 100vw, 1024px\" \/><\/figure>\n\n\n\n<figure class=\"wp-block-image size-large\"><img loading=\"lazy\" decoding=\"async\" width=\"587\" height=\"1024\" src=\"https:\/\/obituarioarquitetura.com.br\/wp-content\/uploads\/2024\/08\/5-5-587x1024.png\" alt=\"\" class=\"wp-image-537\" srcset=\"https:\/\/obituarioarquitetura.com.br\/wp-content\/uploads\/2024\/08\/5-5-587x1024.png 587w, https:\/\/obituarioarquitetura.com.br\/wp-content\/uploads\/2024\/08\/5-5-172x300.png 172w, https:\/\/obituarioarquitetura.com.br\/wp-content\/uploads\/2024\/08\/5-5-768x1340.png 768w, https:\/\/obituarioarquitetura.com.br\/wp-content\/uploads\/2024\/08\/5-5-880x1536.png 880w, https:\/\/obituarioarquitetura.com.br\/wp-content\/uploads\/2024\/08\/5-5-1174x2048.png 1174w\" sizes=\"(max-width: 587px) 100vw, 587px\" \/><\/figure>\n\n\n\n<p>Toda o trecho da rua desta casa parece desabitado, algumas casas em situa\u00e7\u00e3o de ru\u00edna, outras, como essa, relativamente preservadas. Mas mesmo as casas cuja pintura estava renovada e as luzes estavam acesas e carros estacionados pareciam n\u00e3o ter vida. Nesta rua podemos ver o eco que \u00e9 habitar uma casa em uma metr\u00f3pole contempor\u00e2nea, um desafio que for\u00e7a, quase sempre, o morador a se encastelar em uma solid\u00e3o que o empurra todo o tempo para longe de uma rela\u00e7\u00e3o com a rua e tudo que \u00e9 p\u00fablico e comum.<\/p>\n","protected":false},"excerpt":{"rendered":"<p>Toda o trecho da rua desta casa parece desabitado, algumas casas em situa\u00e7\u00e3o de ru\u00edna, outras, como essa, relativamente preservadas. Mas mesmo as casas cuja pintura estava renovada e as luzes estavam acesas e carros estacionados pareciam n\u00e3o ter vida. Nesta rua podemos ver o eco que \u00e9 habitar uma casa em uma metr\u00f3pole contempor\u00e2nea, [&hellip;]<\/p>\n","protected":false},"author":1,"featured_media":0,"parent":0,"menu_order":0,"comment_status":"closed","ping_status":"closed","template":"","meta":{"footnotes":""},"_links":{"self":[{"href":"https:\/\/obituarioarquitetura.com.br\/index.php?rest_route=\/wp\/v2\/pages\/531"}],"collection":[{"href":"https:\/\/obituarioarquitetura.com.br\/index.php?rest_route=\/wp\/v2\/pages"}],"about":[{"href":"https:\/\/obituarioarquitetura.com.br\/index.php?rest_route=\/wp\/v2\/types\/page"}],"author":[{"embeddable":true,"href":"https:\/\/obituarioarquitetura.com.br\/index.php?rest_route=\/wp\/v2\/users\/1"}],"replies":[{"embeddable":true,"href":"https:\/\/obituarioarquitetura.com.br\/index.php?rest_route=%2Fwp%2Fv2%2Fcomments&post=531"}],"version-history":[{"count":1,"href":"https:\/\/obituarioarquitetura.com.br\/index.php?rest_route=\/wp\/v2\/pages\/531\/revisions"}],"predecessor-version":[{"id":538,"href":"https:\/\/obituarioarquitetura.com.br\/index.php?rest_route=\/wp\/v2\/pages\/531\/revisions\/538"}],"wp:attachment":[{"href":"https:\/\/obituarioarquitetura.com.br\/index.php?rest_route=%2Fwp%2Fv2%2Fmedia&parent=531"}],"curies":[{"name":"wp","href":"https:\/\/api.w.org\/{rel}","templated":true}]}}