{"id":541,"date":"2024-08-03T01:53:30","date_gmt":"2024-08-03T04:53:30","guid":{"rendered":"https:\/\/obituarioarquitetura.com.br\/?page_id=541"},"modified":"2024-08-03T01:53:30","modified_gmt":"2024-08-03T04:53:30","slug":"securitizacao","status":"publish","type":"page","link":"https:\/\/obituarioarquitetura.com.br\/?page_id=541","title":{"rendered":"securitiza\u00e7\u00e3o"},"content":{"rendered":"\n<figure class=\"wp-block-image size-large\"><img loading=\"lazy\" decoding=\"async\" width=\"1024\" height=\"683\" src=\"https:\/\/obituarioarquitetura.com.br\/wp-content\/uploads\/2024\/08\/1-1024x683.jpg\" alt=\"\" class=\"wp-image-542\" srcset=\"https:\/\/obituarioarquitetura.com.br\/wp-content\/uploads\/2024\/08\/1-1024x683.jpg 1024w, https:\/\/obituarioarquitetura.com.br\/wp-content\/uploads\/2024\/08\/1-300x200.jpg 300w, https:\/\/obituarioarquitetura.com.br\/wp-content\/uploads\/2024\/08\/1-768x512.jpg 768w, https:\/\/obituarioarquitetura.com.br\/wp-content\/uploads\/2024\/08\/1-1536x1024.jpg 1536w, https:\/\/obituarioarquitetura.com.br\/wp-content\/uploads\/2024\/08\/1-2048x1365.jpg 2048w\" sizes=\"(max-width: 1024px) 100vw, 1024px\" \/><\/figure>\n\n\n\n<figure class=\"wp-block-image size-large\"><img loading=\"lazy\" decoding=\"async\" width=\"1024\" height=\"683\" src=\"https:\/\/obituarioarquitetura.com.br\/wp-content\/uploads\/2024\/08\/2-1-1024x683.jpg\" alt=\"\" class=\"wp-image-543\" srcset=\"https:\/\/obituarioarquitetura.com.br\/wp-content\/uploads\/2024\/08\/2-1-1024x683.jpg 1024w, https:\/\/obituarioarquitetura.com.br\/wp-content\/uploads\/2024\/08\/2-1-300x200.jpg 300w, https:\/\/obituarioarquitetura.com.br\/wp-content\/uploads\/2024\/08\/2-1-768x512.jpg 768w, https:\/\/obituarioarquitetura.com.br\/wp-content\/uploads\/2024\/08\/2-1-1536x1024.jpg 1536w, https:\/\/obituarioarquitetura.com.br\/wp-content\/uploads\/2024\/08\/2-1-2048x1365.jpg 2048w\" sizes=\"(max-width: 1024px) 100vw, 1024px\" \/><\/figure>\n\n\n\n<figure class=\"wp-block-image size-large\"><img loading=\"lazy\" decoding=\"async\" width=\"1024\" height=\"683\" src=\"https:\/\/obituarioarquitetura.com.br\/wp-content\/uploads\/2024\/08\/3-1-1024x683.jpg\" alt=\"\" class=\"wp-image-544\" srcset=\"https:\/\/obituarioarquitetura.com.br\/wp-content\/uploads\/2024\/08\/3-1-1024x683.jpg 1024w, https:\/\/obituarioarquitetura.com.br\/wp-content\/uploads\/2024\/08\/3-1-300x200.jpg 300w, https:\/\/obituarioarquitetura.com.br\/wp-content\/uploads\/2024\/08\/3-1-768x512.jpg 768w, https:\/\/obituarioarquitetura.com.br\/wp-content\/uploads\/2024\/08\/3-1-1536x1024.jpg 1536w, https:\/\/obituarioarquitetura.com.br\/wp-content\/uploads\/2024\/08\/3-1-2048x1365.jpg 2048w\" sizes=\"(max-width: 1024px) 100vw, 1024px\" \/><\/figure>\n\n\n\n<figure class=\"wp-block-image size-large\"><img loading=\"lazy\" decoding=\"async\" width=\"1024\" height=\"683\" src=\"https:\/\/obituarioarquitetura.com.br\/wp-content\/uploads\/2024\/08\/4-1024x683.jpg\" alt=\"\" class=\"wp-image-545\" srcset=\"https:\/\/obituarioarquitetura.com.br\/wp-content\/uploads\/2024\/08\/4-1024x683.jpg 1024w, https:\/\/obituarioarquitetura.com.br\/wp-content\/uploads\/2024\/08\/4-300x200.jpg 300w, https:\/\/obituarioarquitetura.com.br\/wp-content\/uploads\/2024\/08\/4-768x512.jpg 768w, https:\/\/obituarioarquitetura.com.br\/wp-content\/uploads\/2024\/08\/4-1536x1024.jpg 1536w, https:\/\/obituarioarquitetura.com.br\/wp-content\/uploads\/2024\/08\/4-2048x1365.jpg 2048w\" sizes=\"(max-width: 1024px) 100vw, 1024px\" \/><\/figure>\n\n\n\n<figure class=\"wp-block-image size-large\"><img loading=\"lazy\" decoding=\"async\" width=\"1024\" height=\"683\" src=\"https:\/\/obituarioarquitetura.com.br\/wp-content\/uploads\/2024\/08\/5-1-1024x683.jpg\" alt=\"\" class=\"wp-image-546\" srcset=\"https:\/\/obituarioarquitetura.com.br\/wp-content\/uploads\/2024\/08\/5-1-1024x683.jpg 1024w, https:\/\/obituarioarquitetura.com.br\/wp-content\/uploads\/2024\/08\/5-1-300x200.jpg 300w, https:\/\/obituarioarquitetura.com.br\/wp-content\/uploads\/2024\/08\/5-1-768x513.jpg 768w, https:\/\/obituarioarquitetura.com.br\/wp-content\/uploads\/2024\/08\/5-1-1536x1025.jpg 1536w, https:\/\/obituarioarquitetura.com.br\/wp-content\/uploads\/2024\/08\/5-1-2048x1367.jpg 2048w\" sizes=\"(max-width: 1024px) 100vw, 1024px\" \/><\/figure>\n\n\n\n<figure class=\"wp-block-image size-large\"><img loading=\"lazy\" decoding=\"async\" width=\"683\" height=\"1024\" src=\"https:\/\/obituarioarquitetura.com.br\/wp-content\/uploads\/2024\/08\/6-683x1024.jpg\" alt=\"\" class=\"wp-image-547\" srcset=\"https:\/\/obituarioarquitetura.com.br\/wp-content\/uploads\/2024\/08\/6-683x1024.jpg 683w, https:\/\/obituarioarquitetura.com.br\/wp-content\/uploads\/2024\/08\/6-200x300.jpg 200w, https:\/\/obituarioarquitetura.com.br\/wp-content\/uploads\/2024\/08\/6-768x1152.jpg 768w, https:\/\/obituarioarquitetura.com.br\/wp-content\/uploads\/2024\/08\/6-1024x1536.jpg 1024w, https:\/\/obituarioarquitetura.com.br\/wp-content\/uploads\/2024\/08\/6-1365x2048.jpg 1365w, https:\/\/obituarioarquitetura.com.br\/wp-content\/uploads\/2024\/08\/6-scaled.jpg 1707w\" sizes=\"(max-width: 683px) 100vw, 683px\" \/><\/figure>\n\n\n\n<figure class=\"wp-block-image size-large\"><img loading=\"lazy\" decoding=\"async\" width=\"683\" height=\"1024\" src=\"https:\/\/obituarioarquitetura.com.br\/wp-content\/uploads\/2024\/08\/7-683x1024.jpg\" alt=\"\" class=\"wp-image-549\" srcset=\"https:\/\/obituarioarquitetura.com.br\/wp-content\/uploads\/2024\/08\/7-683x1024.jpg 683w, https:\/\/obituarioarquitetura.com.br\/wp-content\/uploads\/2024\/08\/7-200x300.jpg 200w, https:\/\/obituarioarquitetura.com.br\/wp-content\/uploads\/2024\/08\/7-768x1152.jpg 768w, https:\/\/obituarioarquitetura.com.br\/wp-content\/uploads\/2024\/08\/7-1024x1536.jpg 1024w, https:\/\/obituarioarquitetura.com.br\/wp-content\/uploads\/2024\/08\/7-1365x2048.jpg 1365w, https:\/\/obituarioarquitetura.com.br\/wp-content\/uploads\/2024\/08\/7-scaled.jpg 1707w\" sizes=\"(max-width: 683px) 100vw, 683px\" \/><\/figure>\n\n\n\n<figure class=\"wp-block-image size-large\"><img loading=\"lazy\" decoding=\"async\" width=\"683\" height=\"1024\" src=\"https:\/\/obituarioarquitetura.com.br\/wp-content\/uploads\/2024\/08\/9-683x1024.jpg\" alt=\"\" class=\"wp-image-550\" srcset=\"https:\/\/obituarioarquitetura.com.br\/wp-content\/uploads\/2024\/08\/9-683x1024.jpg 683w, https:\/\/obituarioarquitetura.com.br\/wp-content\/uploads\/2024\/08\/9-200x300.jpg 200w, https:\/\/obituarioarquitetura.com.br\/wp-content\/uploads\/2024\/08\/9-768x1152.jpg 768w, https:\/\/obituarioarquitetura.com.br\/wp-content\/uploads\/2024\/08\/9-1024x1536.jpg 1024w, https:\/\/obituarioarquitetura.com.br\/wp-content\/uploads\/2024\/08\/9-1365x2048.jpg 1365w, https:\/\/obituarioarquitetura.com.br\/wp-content\/uploads\/2024\/08\/9-scaled.jpg 1707w\" sizes=\"(max-width: 683px) 100vw, 683px\" \/><\/figure>\n\n\n\n<p>Securitiza\u00e7\u00e3o \u00e9 um dos sinais mais vis\u00edveis do esvaziamento e do iminente desaparecimento das casas e das edifica\u00e7\u00f5es abertas em uma metr\u00f3pole. O medo de ser invadido, roubado, ocupado transparece nas constru\u00e7\u00f5es que sobrevivem na cidade e durante a pesquisa nos deparamos com diversas vers\u00f5es desta securitiza\u00e7\u00e3o. Toda sorte de arames, redes, c\u00e2meras, ganchos, grades. Todas tentam proteger o bem privado enquanto n\u00e3o parece mais haver espa\u00e7o para a emerg\u00eancia daqueles bens que s\u00e3o comuns e compartilhados.<\/p>\n","protected":false},"excerpt":{"rendered":"<p>Securitiza\u00e7\u00e3o \u00e9 um dos sinais mais vis\u00edveis do esvaziamento e do iminente desaparecimento das casas e das edifica\u00e7\u00f5es abertas em uma metr\u00f3pole. O medo de ser invadido, roubado, ocupado transparece nas constru\u00e7\u00f5es que sobrevivem na cidade e durante a pesquisa nos deparamos com diversas vers\u00f5es desta securitiza\u00e7\u00e3o. Toda sorte de arames, redes, c\u00e2meras, ganchos, grades. [&hellip;]<\/p>\n","protected":false},"author":1,"featured_media":0,"parent":0,"menu_order":0,"comment_status":"closed","ping_status":"closed","template":"","meta":{"footnotes":""},"_links":{"self":[{"href":"https:\/\/obituarioarquitetura.com.br\/index.php?rest_route=\/wp\/v2\/pages\/541"}],"collection":[{"href":"https:\/\/obituarioarquitetura.com.br\/index.php?rest_route=\/wp\/v2\/pages"}],"about":[{"href":"https:\/\/obituarioarquitetura.com.br\/index.php?rest_route=\/wp\/v2\/types\/page"}],"author":[{"embeddable":true,"href":"https:\/\/obituarioarquitetura.com.br\/index.php?rest_route=\/wp\/v2\/users\/1"}],"replies":[{"embeddable":true,"href":"https:\/\/obituarioarquitetura.com.br\/index.php?rest_route=%2Fwp%2Fv2%2Fcomments&post=541"}],"version-history":[{"count":1,"href":"https:\/\/obituarioarquitetura.com.br\/index.php?rest_route=\/wp\/v2\/pages\/541\/revisions"}],"predecessor-version":[{"id":551,"href":"https:\/\/obituarioarquitetura.com.br\/index.php?rest_route=\/wp\/v2\/pages\/541\/revisions\/551"}],"wp:attachment":[{"href":"https:\/\/obituarioarquitetura.com.br\/index.php?rest_route=%2Fwp%2Fv2%2Fmedia&parent=541"}],"curies":[{"name":"wp","href":"https:\/\/api.w.org\/{rel}","templated":true}]}}